{"id":7165,"date":"2026-04-27T14:23:17","date_gmt":"2026-04-27T12:23:17","guid":{"rendered":"https:\/\/hokaservice.be\/?post_type=product&#038;p=7165"},"modified":"2026-04-27T14:23:17","modified_gmt":"2026-04-27T12:23:17","slug":"bernadette-van-den-steen-keepsake-zwart","status":"publish","type":"product","link":"https:\/\/hokaservice.be\/fr\/product\/bernadette-van-den-steen-keepsake-zwart\/","title":{"rendered":"Bernadette Van Den Steen Keepsake Zwart"},"content":{"rendered":"<div class=\"attribute-title\">\n<p>Urne en c\u00e9ramique fabriqu\u00e9e \u00e0 la main, accompagn\u00e9e d'un certificat (les couleurs peuvent varier en raison des variations de la gla\u00e7ure)<\/p>\n<p>Tailles disponibles :<\/p>\n<\/div>\n<ul>\n<li><strong>Petit<\/strong>: afmetingen 9,5cm x 7,5cm &#8211; Inhoud 0,10L &#8211; Prijs <strong>\u20ac125<\/strong><\/li>\n<li><strong>Mini<\/strong>: afmetingen 6,8cm x 4,5cm &#8211; Inhoud 0,05 &#8211; Prijs <strong>\u20ac75<\/strong><\/li>\n<\/ul>","protected":false},"excerpt":{"rendered":"<p>Handgemaakte urne in keramiek met certificaat (kleuren kunnen afwijken door veranderingen in glazuur) Beschikbare formaten: Klein: afmetingen 9,5cm x 7,5cm &#8211; Inhoud 0,10L &#8211; Prijs \u20ac125 Mini: afmetingen 6,8cm x 4,5cm &#8211; Inhoud 0,05 &#8211; Prijs \u20ac75<\/p>","protected":false},"featured_media":7166,"template":"","meta":{"_acf_changed":false},"uitgelichte_assortimenten":[],"product_brand":[],"product_cat":[50,53],"product_tag":[],"class_list":{"0":"post-7165","1":"product","2":"type-product","3":"status-publish","4":"has-post-thumbnail","6":"product_cat-huisdieren","7":"product_cat-huisdieren-luxeurnen","9":"first","10":"instock","11":"taxable","12":"shipping-taxable","13":"product-type-simple"},"acf":[],"_links":{"self":[{"href":"https:\/\/hokaservice.be\/fr\/wp-json\/wp\/v2\/product\/7165","targetHints":{"allow":["GET"]}}],"collection":[{"href":"https:\/\/hokaservice.be\/fr\/wp-json\/wp\/v2\/product"}],"about":[{"href":"https:\/\/hokaservice.be\/fr\/wp-json\/wp\/v2\/types\/product"}],"wp:featuredmedia":[{"embeddable":true,"href":"https:\/\/hokaservice.be\/fr\/wp-json\/wp\/v2\/media\/7166"}],"wp:attachment":[{"href":"https:\/\/hokaservice.be\/fr\/wp-json\/wp\/v2\/media?parent=7165"}],"wp:term":[{"taxonomy":"uitgelichte_assortimenten","embeddable":true,"href":"https:\/\/hokaservice.be\/fr\/wp-json\/wp\/v2\/uitgelichte_assortimenten?post=7165"},{"taxonomy":"product_brand","embeddable":true,"href":"https:\/\/hokaservice.be\/fr\/wp-json\/wp\/v2\/product_brand?post=7165"},{"taxonomy":"product_cat","embeddable":true,"href":"https:\/\/hokaservice.be\/fr\/wp-json\/wp\/v2\/product_cat?post=7165"},{"taxonomy":"product_tag","embeddable":true,"href":"https:\/\/hokaservice.be\/fr\/wp-json\/wp\/v2\/product_tag?post=7165"}],"curies":[{"name":"wp","href":"https:\/\/api.w.org\/{rel}","templated":true}]}}