{"id":7161,"date":"2026-04-27T14:09:33","date_gmt":"2026-04-27T12:09:33","guid":{"rendered":"https:\/\/hokaservice.be\/?post_type=product&#038;p=7161"},"modified":"2026-04-27T14:09:33","modified_gmt":"2026-04-27T12:09:33","slug":"bernadette-van-den-steen-theelicht-electric-blue","status":"publish","type":"product","link":"https:\/\/hokaservice.be\/fr\/product\/bernadette-van-den-steen-theelicht-electric-blue\/","title":{"rendered":"Bernadette Van Den Steen THEELICHT ELECTRIC BLUE"},"content":{"rendered":"<p>Urne en c\u00e9ramique fabriqu\u00e9e \u00e0 la main, accompagn\u00e9e d'un certificat (les couleurs peuvent varier en raison des variations de la gla\u00e7ure)<\/p>\n<p>Dimensions : 12 x 8 cm \u2013 Contenance : 0,25 l<\/p>\n<div class=\"field-name-body field-type-text-with-summary\">\n<p>&nbsp;<\/p>\n<\/div>","protected":false},"excerpt":{"rendered":"<p>Handgemaakte urne in keramiek met certificaat (kleuren kunnen afwijken door veranderingen in glazuur) Afmetingen: 12x8cm &#8211; Inhoud: 0,25L &nbsp;<\/p>","protected":false},"featured_media":7162,"template":"","meta":{"_acf_changed":false},"uitgelichte_assortimenten":[],"product_brand":[],"product_cat":[50,53],"product_tag":[],"class_list":{"0":"post-7161","1":"product","2":"type-product","3":"status-publish","4":"has-post-thumbnail","6":"product_cat-huisdieren","7":"product_cat-huisdieren-luxeurnen","9":"first","10":"instock","11":"taxable","12":"shipping-taxable","13":"purchasable","14":"product-type-simple"},"acf":[],"_links":{"self":[{"href":"https:\/\/hokaservice.be\/fr\/wp-json\/wp\/v2\/product\/7161","targetHints":{"allow":["GET"]}}],"collection":[{"href":"https:\/\/hokaservice.be\/fr\/wp-json\/wp\/v2\/product"}],"about":[{"href":"https:\/\/hokaservice.be\/fr\/wp-json\/wp\/v2\/types\/product"}],"wp:featuredmedia":[{"embeddable":true,"href":"https:\/\/hokaservice.be\/fr\/wp-json\/wp\/v2\/media\/7162"}],"wp:attachment":[{"href":"https:\/\/hokaservice.be\/fr\/wp-json\/wp\/v2\/media?parent=7161"}],"wp:term":[{"taxonomy":"uitgelichte_assortimenten","embeddable":true,"href":"https:\/\/hokaservice.be\/fr\/wp-json\/wp\/v2\/uitgelichte_assortimenten?post=7161"},{"taxonomy":"product_brand","embeddable":true,"href":"https:\/\/hokaservice.be\/fr\/wp-json\/wp\/v2\/product_brand?post=7161"},{"taxonomy":"product_cat","embeddable":true,"href":"https:\/\/hokaservice.be\/fr\/wp-json\/wp\/v2\/product_cat?post=7161"},{"taxonomy":"product_tag","embeddable":true,"href":"https:\/\/hokaservice.be\/fr\/wp-json\/wp\/v2\/product_tag?post=7161"}],"curies":[{"name":"wp","href":"https:\/\/api.w.org\/{rel}","templated":true}]}}