{"id":7126,"date":"2026-03-13T12:08:34","date_gmt":"2026-03-13T11:08:34","guid":{"rendered":"https:\/\/hokaservice.be\/?post_type=product&#038;p=7126"},"modified":"2026-03-13T12:08:34","modified_gmt":"2026-03-13T11:08:34","slug":"silhouette-s2-grafiet","status":"publish","type":"product","link":"https:\/\/hokaservice.be\/fr\/product\/silhouette-s2-grafiet\/","title":{"rendered":"SILHOUETTE S2 \u2013graphite"},"content":{"rendered":"<p>Urne en c\u00e9ramique \u2013 disponible sur commande (d\u00e9lai de livraison moyen : environ 1 semaine)<br \/>\nContenance : 1,5 l<br \/>\nHauteur : 16,5 cm<br \/>\nCouleur : Anthracite avec cristaux Swarovski<br \/>\nCes cristaux sont appos\u00e9s un \u00e0 un \u00e0 la main sur l'urne.<\/p>","protected":false},"excerpt":{"rendered":"<p>Keramische urne &#8211; verkrijgbaar op bestelling (gemiddelde levertijd +\/- 1 week) Inhoud: 1.5L Hoogte: 16.5cm Kleur: Antraciet met Swarovski kristallen Deze kristallen worden individueel met de hand op de urne aangebracht.<\/p>","protected":false},"featured_media":7127,"template":"","meta":{"_acf_changed":false},"uitgelichte_assortimenten":[],"product_brand":[],"product_cat":[51,57],"product_tag":[],"class_list":{"0":"post-7126","1":"product","2":"type-product","3":"status-publish","4":"has-post-thumbnail","6":"product_cat-paarden","7":"product_cat-paarden-urnen","9":"first","10":"instock","11":"taxable","12":"shipping-taxable","13":"purchasable","14":"product-type-simple"},"acf":[],"_links":{"self":[{"href":"https:\/\/hokaservice.be\/fr\/wp-json\/wp\/v2\/product\/7126","targetHints":{"allow":["GET"]}}],"collection":[{"href":"https:\/\/hokaservice.be\/fr\/wp-json\/wp\/v2\/product"}],"about":[{"href":"https:\/\/hokaservice.be\/fr\/wp-json\/wp\/v2\/types\/product"}],"wp:featuredmedia":[{"embeddable":true,"href":"https:\/\/hokaservice.be\/fr\/wp-json\/wp\/v2\/media\/7127"}],"wp:attachment":[{"href":"https:\/\/hokaservice.be\/fr\/wp-json\/wp\/v2\/media?parent=7126"}],"wp:term":[{"taxonomy":"uitgelichte_assortimenten","embeddable":true,"href":"https:\/\/hokaservice.be\/fr\/wp-json\/wp\/v2\/uitgelichte_assortimenten?post=7126"},{"taxonomy":"product_brand","embeddable":true,"href":"https:\/\/hokaservice.be\/fr\/wp-json\/wp\/v2\/product_brand?post=7126"},{"taxonomy":"product_cat","embeddable":true,"href":"https:\/\/hokaservice.be\/fr\/wp-json\/wp\/v2\/product_cat?post=7126"},{"taxonomy":"product_tag","embeddable":true,"href":"https:\/\/hokaservice.be\/fr\/wp-json\/wp\/v2\/product_tag?post=7126"}],"curies":[{"name":"wp","href":"https:\/\/api.w.org\/{rel}","templated":true}]}}