{"id":7094,"date":"2026-02-26T15:14:25","date_gmt":"2026-02-26T14:14:25","guid":{"rendered":"https:\/\/hokaservice.be\/?post_type=product&#038;p=7094"},"modified":"2026-04-09T10:21:22","modified_gmt":"2026-04-09T08:21:22","slug":"mu5-pootje-mat-rose","status":"publish","type":"product","link":"https:\/\/hokaservice.be\/fr\/product\/mu5-pootje-mat-rose\/","title":{"rendered":"MU5 POOTJE MAT ROSE"},"content":{"rendered":"<div class=\"attribute-title\">\n<p>Urne en forme de patte avec un bouchon \u00e0 vis pour une fermeture s\u00e9curis\u00e9e<\/p>\n<p>Kleur: mat ros\u00e9<\/p>\n<p>Mat\u00e9riau : laiton<\/p>\n<p>Dimensions : L 6,5 x l 7,5 x H 3,5 cm \u2013 Contenance : 0,05 l<\/p>\n<p>Livr\u00e9 avec un coffret en velours noir<\/p>\n<\/div>\n<p><em>Remarque : gravure disponible sur demande<\/em><\/p>\n<p>&nbsp;<\/p>","protected":false},"excerpt":{"rendered":"<p>Urne in pootvorm met schroefdop voor een veilige sluiting Kleur: mat ros\u00e9 Materiaal: messing Afmetingen: L6,5xW7,5xH3,5cm \u2013 Inhoud: 0,05l Inclusief zwart fluwelen doosje Opmerking: gravure op aanvraag mogelijk &nbsp;<\/p>","protected":false},"featured_media":7095,"template":"","meta":{"_acf_changed":false},"uitgelichte_assortimenten":[],"product_brand":[],"product_cat":[50,53],"product_tag":[],"class_list":{"0":"post-7094","1":"product","2":"type-product","3":"status-publish","4":"has-post-thumbnail","6":"product_cat-huisdieren","7":"product_cat-huisdieren-luxeurnen","9":"first","10":"instock","11":"taxable","12":"shipping-taxable","13":"purchasable","14":"product-type-simple"},"acf":[],"_links":{"self":[{"href":"https:\/\/hokaservice.be\/fr\/wp-json\/wp\/v2\/product\/7094","targetHints":{"allow":["GET"]}}],"collection":[{"href":"https:\/\/hokaservice.be\/fr\/wp-json\/wp\/v2\/product"}],"about":[{"href":"https:\/\/hokaservice.be\/fr\/wp-json\/wp\/v2\/types\/product"}],"wp:featuredmedia":[{"embeddable":true,"href":"https:\/\/hokaservice.be\/fr\/wp-json\/wp\/v2\/media\/7095"}],"wp:attachment":[{"href":"https:\/\/hokaservice.be\/fr\/wp-json\/wp\/v2\/media?parent=7094"}],"wp:term":[{"taxonomy":"uitgelichte_assortimenten","embeddable":true,"href":"https:\/\/hokaservice.be\/fr\/wp-json\/wp\/v2\/uitgelichte_assortimenten?post=7094"},{"taxonomy":"product_brand","embeddable":true,"href":"https:\/\/hokaservice.be\/fr\/wp-json\/wp\/v2\/product_brand?post=7094"},{"taxonomy":"product_cat","embeddable":true,"href":"https:\/\/hokaservice.be\/fr\/wp-json\/wp\/v2\/product_cat?post=7094"},{"taxonomy":"product_tag","embeddable":true,"href":"https:\/\/hokaservice.be\/fr\/wp-json\/wp\/v2\/product_tag?post=7094"}],"curies":[{"name":"wp","href":"https:\/\/api.w.org\/{rel}","templated":true}]}}