{"id":7082,"date":"2026-02-26T15:10:38","date_gmt":"2026-02-26T14:10:38","guid":{"rendered":"https:\/\/hokaservice.be\/?post_type=product&#038;p=7082"},"modified":"2026-02-26T15:10:38","modified_gmt":"2026-02-26T14:10:38","slug":"mu5-pootje-mat-zilver","status":"publish","type":"product","link":"https:\/\/hokaservice.be\/fr\/product\/mu5-pootje-mat-zilver\/","title":{"rendered":"MU5 POOTJE MAT ZILVER"},"content":{"rendered":"<div class=\"attribute-title\">\n<p>Urne en forme de patte avec un bouchon \u00e0 vis pour une fermeture s\u00e9curis\u00e9e<\/p>\n<p>Kleur: mat zilver<\/p>\n<p>Mat\u00e9riau : laiton<\/p>\n<p>Dimensions : L 6,5 x l 7,5 x H 3,5 cm \u2013 Contenance : 0,05 l<\/p>\n<p>Livr\u00e9 avec un coffret en velours noir<\/p>\n<\/div>\n<p><em>Remarque : gravure disponible sur demande<\/em><\/p>","protected":false},"excerpt":{"rendered":"<p>Urne in pootvorm met schroefdop voor een veilige sluiting Kleur: mat zilver Materiaal: messing Afmetingen: L6,5xW7,5xH3,5cm \u2013 Inhoud: 0,05l Inclusief zwart fluwelen doosje Opmerking: gravure op aanvraag mogelijk<\/p>","protected":false},"featured_media":7083,"template":"","meta":{"_acf_changed":false},"uitgelichte_assortimenten":[],"product_brand":[],"product_cat":[50,53],"product_tag":[],"class_list":{"0":"post-7082","1":"product","2":"type-product","3":"status-publish","4":"has-post-thumbnail","6":"product_cat-huisdieren","7":"product_cat-huisdieren-luxeurnen","9":"first","10":"instock","11":"taxable","12":"shipping-taxable","13":"purchasable","14":"product-type-simple"},"acf":[],"_links":{"self":[{"href":"https:\/\/hokaservice.be\/fr\/wp-json\/wp\/v2\/product\/7082","targetHints":{"allow":["GET"]}}],"collection":[{"href":"https:\/\/hokaservice.be\/fr\/wp-json\/wp\/v2\/product"}],"about":[{"href":"https:\/\/hokaservice.be\/fr\/wp-json\/wp\/v2\/types\/product"}],"wp:featuredmedia":[{"embeddable":true,"href":"https:\/\/hokaservice.be\/fr\/wp-json\/wp\/v2\/media\/7083"}],"wp:attachment":[{"href":"https:\/\/hokaservice.be\/fr\/wp-json\/wp\/v2\/media?parent=7082"}],"wp:term":[{"taxonomy":"uitgelichte_assortimenten","embeddable":true,"href":"https:\/\/hokaservice.be\/fr\/wp-json\/wp\/v2\/uitgelichte_assortimenten?post=7082"},{"taxonomy":"product_brand","embeddable":true,"href":"https:\/\/hokaservice.be\/fr\/wp-json\/wp\/v2\/product_brand?post=7082"},{"taxonomy":"product_cat","embeddable":true,"href":"https:\/\/hokaservice.be\/fr\/wp-json\/wp\/v2\/product_cat?post=7082"},{"taxonomy":"product_tag","embeddable":true,"href":"https:\/\/hokaservice.be\/fr\/wp-json\/wp\/v2\/product_tag?post=7082"}],"curies":[{"name":"wp","href":"https:\/\/api.w.org\/{rel}","templated":true}]}}