{"id":7070,"date":"2026-02-26T15:00:25","date_gmt":"2026-02-26T14:00:25","guid":{"rendered":"https:\/\/hokaservice.be\/?post_type=product&#038;p=7070"},"modified":"2026-03-26T20:24:07","modified_gmt":"2026-03-26T19:24:07","slug":"mu5-hartje-zilver-met-2-gouden-pootjes","status":"publish","type":"product","link":"https:\/\/hokaservice.be\/fr\/product\/mu5-hartje-zilver-met-2-gouden-pootjes\/","title":{"rendered":"MU5 C\u0152UR EN ARGENT AVEC 2 PETITES PATTES EN OR"},"content":{"rendered":"<div class=\"attribute-title\">\n<p>Urne en forme de c\u0153ur avec un couvercle \u00e0 vis pour une fermeture s\u00e9curis\u00e9e<\/p>\n<p>couleur : argent\u00e9 avec deux petites pattes dor\u00e9es<\/p>\n<p>Mat\u00e9riau : laiton<\/p>\n<p>Dimensions : L 7 x l 7 x H 5 cm \u2013 Contenance : 0,05 l<\/p>\n<p>Livr\u00e9 avec un coffret en velours noir<\/p>\n<\/div>\n<p><em>Socle assorti disponible en or ou en argent \u2013 12,50 \u20ac<\/em><\/p>\n<p>&nbsp;<\/p>","protected":false},"excerpt":{"rendered":"<p>Urne in hartvorm met schroefdop voor een veilige sluiting Kleur: zilver met 2 gouden pootjes Materiaal: messing Afmetingen:\u00a0L7xW7xH5cm \u2013 Inhoud: 0,05l Inclusief zwart fluwelen doosje Bijhorende sokkel beschikbaar in goud of zilver \u2013 \u20ac12,50 &nbsp;<\/p>","protected":false},"featured_media":7073,"template":"","meta":{"_acf_changed":false},"uitgelichte_assortimenten":[],"product_brand":[],"product_cat":[50,53],"product_tag":[],"class_list":{"0":"post-7070","1":"product","2":"type-product","3":"status-publish","4":"has-post-thumbnail","6":"product_cat-huisdieren","7":"product_cat-huisdieren-luxeurnen","9":"first","10":"instock","11":"taxable","12":"shipping-taxable","13":"purchasable","14":"product-type-simple"},"acf":[],"_links":{"self":[{"href":"https:\/\/hokaservice.be\/fr\/wp-json\/wp\/v2\/product\/7070","targetHints":{"allow":["GET"]}}],"collection":[{"href":"https:\/\/hokaservice.be\/fr\/wp-json\/wp\/v2\/product"}],"about":[{"href":"https:\/\/hokaservice.be\/fr\/wp-json\/wp\/v2\/types\/product"}],"wp:featuredmedia":[{"embeddable":true,"href":"https:\/\/hokaservice.be\/fr\/wp-json\/wp\/v2\/media\/7073"}],"wp:attachment":[{"href":"https:\/\/hokaservice.be\/fr\/wp-json\/wp\/v2\/media?parent=7070"}],"wp:term":[{"taxonomy":"uitgelichte_assortimenten","embeddable":true,"href":"https:\/\/hokaservice.be\/fr\/wp-json\/wp\/v2\/uitgelichte_assortimenten?post=7070"},{"taxonomy":"product_brand","embeddable":true,"href":"https:\/\/hokaservice.be\/fr\/wp-json\/wp\/v2\/product_brand?post=7070"},{"taxonomy":"product_cat","embeddable":true,"href":"https:\/\/hokaservice.be\/fr\/wp-json\/wp\/v2\/product_cat?post=7070"},{"taxonomy":"product_tag","embeddable":true,"href":"https:\/\/hokaservice.be\/fr\/wp-json\/wp\/v2\/product_tag?post=7070"}],"curies":[{"name":"wp","href":"https:\/\/api.w.org\/{rel}","templated":true}]}}