{"id":6471,"date":"2025-06-23T16:15:36","date_gmt":"2025-06-23T14:15:36","guid":{"rendered":"https:\/\/hokaservice.be\/?post_type=product&#038;p=6471"},"modified":"2026-03-06T08:11:35","modified_gmt":"2026-03-06T07:11:35","slug":"alu-creme-klein-medium-en-groot","status":"publish","type":"product","link":"https:\/\/hokaservice.be\/fr\/product\/alu-creme-klein-medium-en-groot\/","title":{"rendered":"ALU CR\u00c8ME \u2013 petit, moyen et grand"},"content":{"rendered":"<p>Urne en aluminium avec couvercle \u00e0 vis pour une fermeture s\u00e9curis\u00e9e<\/p>\n<p>Couleur : cr\u00e8me mat<\/p>\n<p>Tailles disponibles :<\/p>\n<p>\u2013\u00a0<strong>Petit \u20ac40<\/strong>Petit 40 \u20ac : 0,35 L \u2013 8,4 cm x 11 cm \u2013 Pour les animaux de compagnie pesant jusqu'\u00e0 environ 9 kg<\/p>\n<p>\u2013\u00a0<strong>Moyen \u20ac50<\/strong>Moyen 50 \u20ac : 0,65 L \u2013 9,9 cm x 12,5 cm \u2013 Pour les animaux de compagnie pesant jusqu'\u00e0 environ 15 kg<\/p>\n<p>\u2013\u00a0<strong>Grand \u20ac60<\/strong>Grand 60 \u20ac : 1,15 L \u2013 11,7 cm x 15 cm \u2013 Pour les animaux de compagnie pesant jusqu'\u00e0 environ 35 kg<\/p>","protected":false},"excerpt":{"rendered":"<p>Aluminium urne met schroefdop voor een veilige sluiting Kleur: mat cr\u00e8me Beschikbare formaten: \u2013\u00a0Klein \u20ac40: 0,35L \u2013 8,4cm x 11cm \u2013 Voor huisdieren tot +\/- 9kg \u2013\u00a0Medium \u20ac50: 0,65L \u2013 9,9cm x 12,5cm \u2013 Voor huisdieren tot +\/- 15kg \u2013\u00a0Groot \u20ac60: 1,15L \u2013 11,7cm x 15cm \u2013 Voor huisdieren tot +\/- 35kg<\/p>","protected":false},"featured_media":6473,"template":"","meta":{"_acf_changed":false},"uitgelichte_assortimenten":[],"product_brand":[],"product_cat":[50,52],"product_tag":[],"class_list":{"0":"post-6471","1":"product","2":"type-product","3":"status-publish","4":"has-post-thumbnail","6":"product_cat-huisdieren","7":"product_cat-huisdieren-urnen","9":"first","10":"outofstock","11":"taxable","12":"shipping-taxable","13":"product-type-variable"},"acf":[],"_links":{"self":[{"href":"https:\/\/hokaservice.be\/fr\/wp-json\/wp\/v2\/product\/6471","targetHints":{"allow":["GET"]}}],"collection":[{"href":"https:\/\/hokaservice.be\/fr\/wp-json\/wp\/v2\/product"}],"about":[{"href":"https:\/\/hokaservice.be\/fr\/wp-json\/wp\/v2\/types\/product"}],"wp:featuredmedia":[{"embeddable":true,"href":"https:\/\/hokaservice.be\/fr\/wp-json\/wp\/v2\/media\/6473"}],"wp:attachment":[{"href":"https:\/\/hokaservice.be\/fr\/wp-json\/wp\/v2\/media?parent=6471"}],"wp:term":[{"taxonomy":"uitgelichte_assortimenten","embeddable":true,"href":"https:\/\/hokaservice.be\/fr\/wp-json\/wp\/v2\/uitgelichte_assortimenten?post=6471"},{"taxonomy":"product_brand","embeddable":true,"href":"https:\/\/hokaservice.be\/fr\/wp-json\/wp\/v2\/product_brand?post=6471"},{"taxonomy":"product_cat","embeddable":true,"href":"https:\/\/hokaservice.be\/fr\/wp-json\/wp\/v2\/product_cat?post=6471"},{"taxonomy":"product_tag","embeddable":true,"href":"https:\/\/hokaservice.be\/fr\/wp-json\/wp\/v2\/product_tag?post=6471"}],"curies":[{"name":"wp","href":"https:\/\/api.w.org\/{rel}","templated":true}]}}