{"id":6285,"date":"2025-04-07T10:45:27","date_gmt":"2025-04-07T08:45:27","guid":{"rendered":"https:\/\/hokaservice.be\/?post_type=product&#038;p=6285"},"modified":"2025-04-07T11:50:38","modified_gmt":"2025-04-07T09:50:38","slug":"droogbloemenring-hart","status":"publish","type":"product","link":"https:\/\/hokaservice.be\/fr\/product\/droogbloemenring-hart\/","title":{"rendered":"BAGUE FLEURS S\u00c8CHES COEUR OR \u2013 avec socle"},"content":{"rendered":"<p>Une bague de fleurs s\u00e9ch\u00e9es avec la crini\u00e8re de votre cheval.<\/p>\n<p>Pi\u00e8ce d\u00e9corative avec un beau memoir<\/p>\n<p>25cm \u2013 Cadre coeur OR\/NOIR sans socle : <strong>\u20ac175<\/strong><br \/>\n30cm \u2013 Cadre coeur OR avec socle : <strong>\u20ac180<\/strong><\/p>","protected":false},"excerpt":{"rendered":"<p>Een droogbloemenring met manen van uw paard. Decoratiestuk met een mooie herinnering 25cm &#8211; Hartframe GOUD\/ZWART zonder voet: \u20ac175 30cm &#8211; Hartframe GOUD met voet: \u20ac180<\/p>","protected":false},"featured_media":6272,"template":"","meta":{"_acf_changed":false},"uitgelichte_assortimenten":[],"product_brand":[],"product_cat":[51,176],"product_tag":[],"class_list":{"0":"post-6285","1":"product","2":"type-product","3":"status-publish","4":"has-post-thumbnail","6":"product_cat-paarden","7":"product_cat-persoonlijke-aandenken","9":"first","10":"instock","11":"taxable","12":"shipping-taxable","13":"purchasable","14":"product-type-simple"},"acf":[],"_links":{"self":[{"href":"https:\/\/hokaservice.be\/fr\/wp-json\/wp\/v2\/product\/6285","targetHints":{"allow":["GET"]}}],"collection":[{"href":"https:\/\/hokaservice.be\/fr\/wp-json\/wp\/v2\/product"}],"about":[{"href":"https:\/\/hokaservice.be\/fr\/wp-json\/wp\/v2\/types\/product"}],"wp:featuredmedia":[{"embeddable":true,"href":"https:\/\/hokaservice.be\/fr\/wp-json\/wp\/v2\/media\/6272"}],"wp:attachment":[{"href":"https:\/\/hokaservice.be\/fr\/wp-json\/wp\/v2\/media?parent=6285"}],"wp:term":[{"taxonomy":"uitgelichte_assortimenten","embeddable":true,"href":"https:\/\/hokaservice.be\/fr\/wp-json\/wp\/v2\/uitgelichte_assortimenten?post=6285"},{"taxonomy":"product_brand","embeddable":true,"href":"https:\/\/hokaservice.be\/fr\/wp-json\/wp\/v2\/product_brand?post=6285"},{"taxonomy":"product_cat","embeddable":true,"href":"https:\/\/hokaservice.be\/fr\/wp-json\/wp\/v2\/product_cat?post=6285"},{"taxonomy":"product_tag","embeddable":true,"href":"https:\/\/hokaservice.be\/fr\/wp-json\/wp\/v2\/product_tag?post=6285"}],"curies":[{"name":"wp","href":"https:\/\/api.w.org\/{rel}","templated":true}]}}