{"id":6268,"date":"2025-04-03T10:39:52","date_gmt":"2025-04-03T08:39:52","guid":{"rendered":"https:\/\/hokaservice.be\/?post_type=product&#038;p=6268"},"modified":"2025-04-07T12:21:08","modified_gmt":"2025-04-07T10:21:08","slug":"droogbloemring-manen","status":"publish","type":"product","link":"https:\/\/hokaservice.be\/fr\/product\/droogbloemring-manen\/","title":{"rendered":"BAGUE FLEURS S\u00c8CHES LUNES OR \u2013 petites et grandes"},"content":{"rendered":"<p>Une bague de fleurs s\u00e9ch\u00e9es avec la crini\u00e8re de votre cheval.<\/p>\n<p>Pi\u00e8ce d\u00e9corative avec un beau memoir<\/p>\n<p>-Petit : 25 cm <strong>\u20ac160,00<br \/>\n<\/strong>-Moyen: 30cm <strong>\u20ac170,00 <\/strong>(Sans socle)<br \/>\n-Grand : 30 cm <strong>\u20ac175,00 <\/strong>(Avec socle)<\/p>\n<p>Couleurs : NOIR et OR<\/p>","protected":false},"excerpt":{"rendered":"<p>Een droogbloemenring met manen van uw paard. Decoratiestuk met een mooie herinnering -Klein: 25cm \u20ac160,00 -Medium: 30cm \u20ac170,00 (zonder voet) -Groot: 30cm \u20ac175,00 (met voet) Kleuren: ZWART en GOUD<\/p>","protected":false},"featured_media":6271,"template":"","meta":{"_acf_changed":false},"uitgelichte_assortimenten":[],"product_brand":[],"product_cat":[51,176],"product_tag":[],"class_list":{"0":"post-6268","1":"product","2":"type-product","3":"status-publish","4":"has-post-thumbnail","6":"product_cat-paarden","7":"product_cat-persoonlijke-aandenken","9":"first","10":"instock","11":"taxable","12":"shipping-taxable","13":"purchasable","14":"product-type-variable","15":"has-default-attributes"},"acf":[],"_links":{"self":[{"href":"https:\/\/hokaservice.be\/fr\/wp-json\/wp\/v2\/product\/6268","targetHints":{"allow":["GET"]}}],"collection":[{"href":"https:\/\/hokaservice.be\/fr\/wp-json\/wp\/v2\/product"}],"about":[{"href":"https:\/\/hokaservice.be\/fr\/wp-json\/wp\/v2\/types\/product"}],"wp:featuredmedia":[{"embeddable":true,"href":"https:\/\/hokaservice.be\/fr\/wp-json\/wp\/v2\/media\/6271"}],"wp:attachment":[{"href":"https:\/\/hokaservice.be\/fr\/wp-json\/wp\/v2\/media?parent=6268"}],"wp:term":[{"taxonomy":"uitgelichte_assortimenten","embeddable":true,"href":"https:\/\/hokaservice.be\/fr\/wp-json\/wp\/v2\/uitgelichte_assortimenten?post=6268"},{"taxonomy":"product_brand","embeddable":true,"href":"https:\/\/hokaservice.be\/fr\/wp-json\/wp\/v2\/product_brand?post=6268"},{"taxonomy":"product_cat","embeddable":true,"href":"https:\/\/hokaservice.be\/fr\/wp-json\/wp\/v2\/product_cat?post=6268"},{"taxonomy":"product_tag","embeddable":true,"href":"https:\/\/hokaservice.be\/fr\/wp-json\/wp\/v2\/product_tag?post=6268"}],"curies":[{"name":"wp","href":"https:\/\/api.w.org\/{rel}","templated":true}]}}