{"id":6255,"date":"2025-03-26T09:19:53","date_gmt":"2025-03-26T08:19:53","guid":{"rendered":"https:\/\/hokaservice.be\/?post_type=product&#038;p=6255"},"modified":"2026-02-23T09:47:12","modified_gmt":"2026-02-23T08:47:12","slug":"luxe-koesterdoos","status":"publish","type":"product","link":"https:\/\/hokaservice.be\/fr\/product\/luxe-koesterdoos\/","title":{"rendered":"Coffret \u00e0 ch\u00e9rir Luxe"},"content":{"rendered":"<p data-start=\"1526\" data-end=\"1677\">Un joli coffret noir de luxe de 12,5 \u00d7 12,5 cm contenant :<\/p>\n<ul>\n<li data-start=\"1526\" data-end=\"1677\">une carte avec une empreinte de patte \u00e0 l'encre<\/li>\n<li data-start=\"1526\" data-end=\"1677\">un sachet contenant un peu de poils<\/li>\n<li data-start=\"1526\" data-end=\"1677\">une pierre comm\u00e9morative sur laquelle vous pouvez \u00e9crire un message personnel qui restera avec votre animal pendant la cr\u00e9mation et que vous pourrez emporter chez vous apr\u00e8s\u00a0<em>(remarque : il est possible que la pierre se fende pendant le processus de chauffage)<\/em><\/li>\n<\/ul>","protected":false},"excerpt":{"rendered":"<p>Een mooi zwart luxedoosje van 12,5\u00d712,5 cm met: een kaartje met een pootafdruk in inkt een gripzakje met wat vacht een gedachtesteen waarop u een persoonlijke boodschap kunt schrijven die bij uw huisdier blijft tijdens de crematie en die u nadien meekrijgt naar huis\u00a0(opmerking: het kan voorkomen dat het steentje barst tijdens het verhittingsproces)<\/p>","protected":false},"featured_media":6249,"template":"","meta":{"_acf_changed":false},"uitgelichte_assortimenten":[],"product_brand":[],"product_cat":[50,54],"product_tag":[],"class_list":{"0":"post-6255","1":"product","2":"type-product","3":"status-publish","4":"has-post-thumbnail","6":"product_cat-huisdieren","7":"product_cat-huisdieren-aandenken","9":"first","10":"instock","11":"taxable","12":"shipping-taxable","13":"purchasable","14":"product-type-simple"},"acf":[],"_links":{"self":[{"href":"https:\/\/hokaservice.be\/fr\/wp-json\/wp\/v2\/product\/6255","targetHints":{"allow":["GET"]}}],"collection":[{"href":"https:\/\/hokaservice.be\/fr\/wp-json\/wp\/v2\/product"}],"about":[{"href":"https:\/\/hokaservice.be\/fr\/wp-json\/wp\/v2\/types\/product"}],"wp:featuredmedia":[{"embeddable":true,"href":"https:\/\/hokaservice.be\/fr\/wp-json\/wp\/v2\/media\/6249"}],"wp:attachment":[{"href":"https:\/\/hokaservice.be\/fr\/wp-json\/wp\/v2\/media?parent=6255"}],"wp:term":[{"taxonomy":"uitgelichte_assortimenten","embeddable":true,"href":"https:\/\/hokaservice.be\/fr\/wp-json\/wp\/v2\/uitgelichte_assortimenten?post=6255"},{"taxonomy":"product_brand","embeddable":true,"href":"https:\/\/hokaservice.be\/fr\/wp-json\/wp\/v2\/product_brand?post=6255"},{"taxonomy":"product_cat","embeddable":true,"href":"https:\/\/hokaservice.be\/fr\/wp-json\/wp\/v2\/product_cat?post=6255"},{"taxonomy":"product_tag","embeddable":true,"href":"https:\/\/hokaservice.be\/fr\/wp-json\/wp\/v2\/product_tag?post=6255"}],"curies":[{"name":"wp","href":"https:\/\/api.w.org\/{rel}","templated":true}]}}