{"id":6254,"date":"2025-03-26T09:17:39","date_gmt":"2025-03-26T08:17:39","guid":{"rendered":"https:\/\/hokaservice.be\/?post_type=product&#038;p=6254"},"modified":"2025-04-10T16:29:41","modified_gmt":"2025-04-10T14:29:41","slug":"koesterdoos","status":"publish","type":"product","link":"https:\/\/hokaservice.be\/fr\/product\/koesterdoos\/","title":{"rendered":"Coffret \u00e0 ch\u00e9rir"},"content":{"rendered":"<p>Coffret \u00e0 ch\u00e9rir (12,5\u00d712,5 cm)<br \/>\nComprend une carte avec une empreinte de patte \u00e0 l'encre et un sac \u00e0 fermeture \u00e9clair avec de la fourrure.<\/p>","protected":false},"excerpt":{"rendered":"<p>Koesterdoosje (12,5&#215;12,5 cm) Inclusief kaartje met inktpootafdruk en een gripzakje met wat vacht.<\/p>","protected":false},"featured_media":6251,"template":"","meta":{"_acf_changed":false},"uitgelichte_assortimenten":[],"product_brand":[],"product_cat":[50,54],"product_tag":[],"class_list":{"0":"post-6254","1":"product","2":"type-product","3":"status-publish","4":"has-post-thumbnail","6":"product_cat-huisdieren","7":"product_cat-huisdieren-aandenken","9":"first","10":"instock","11":"taxable","12":"shipping-taxable","13":"purchasable","14":"product-type-simple"},"acf":[],"_links":{"self":[{"href":"https:\/\/hokaservice.be\/fr\/wp-json\/wp\/v2\/product\/6254","targetHints":{"allow":["GET"]}}],"collection":[{"href":"https:\/\/hokaservice.be\/fr\/wp-json\/wp\/v2\/product"}],"about":[{"href":"https:\/\/hokaservice.be\/fr\/wp-json\/wp\/v2\/types\/product"}],"wp:featuredmedia":[{"embeddable":true,"href":"https:\/\/hokaservice.be\/fr\/wp-json\/wp\/v2\/media\/6251"}],"wp:attachment":[{"href":"https:\/\/hokaservice.be\/fr\/wp-json\/wp\/v2\/media?parent=6254"}],"wp:term":[{"taxonomy":"uitgelichte_assortimenten","embeddable":true,"href":"https:\/\/hokaservice.be\/fr\/wp-json\/wp\/v2\/uitgelichte_assortimenten?post=6254"},{"taxonomy":"product_brand","embeddable":true,"href":"https:\/\/hokaservice.be\/fr\/wp-json\/wp\/v2\/product_brand?post=6254"},{"taxonomy":"product_cat","embeddable":true,"href":"https:\/\/hokaservice.be\/fr\/wp-json\/wp\/v2\/product_cat?post=6254"},{"taxonomy":"product_tag","embeddable":true,"href":"https:\/\/hokaservice.be\/fr\/wp-json\/wp\/v2\/product_tag?post=6254"}],"curies":[{"name":"wp","href":"https:\/\/api.w.org\/{rel}","templated":true}]}}