{"id":6248,"date":"2025-03-26T09:05:14","date_gmt":"2025-03-26T08:05:14","guid":{"rendered":"https:\/\/hokaservice.be\/?post_type=product&#038;p=6248"},"modified":"2025-03-26T09:15:20","modified_gmt":"2025-03-26T08:15:20","slug":"kleipoot","status":"publish","type":"product","link":"https:\/\/hokaservice.be\/fr\/product\/kleipoot\/","title":{"rendered":"Patte d'argile"},"content":{"rendered":"<p>Empreinte de patte en argile dans un cadre en bois (12\u00d712 cm)<br \/>\nLivr\u00e9 dans une bo\u00eete de luxe noire (12,5\u00d712,5 cm).<br \/>\nMax. 3 commandes par client.<\/p>\n<p>Le r\u00e9sultat varie selon la race et l\u2019\u00e9tat des pattes.<br \/>\nFissures possibles.<br \/>\nAucun remboursement ni remplacement.<\/p>","protected":false},"excerpt":{"rendered":"<p>Kleipootafdruk in houten kader (12&#215;12 cm) Geleverd in zwart luxedoosje (12,5&#215;12,5 cm). Max. 3 bestellingen per klant. Resultaat varieert door ras en toestand pootjes. Barsten mogelijk. Geen terugbetaling of vervanging.<\/p>","protected":false},"featured_media":6252,"template":"","meta":{"_acf_changed":false},"uitgelichte_assortimenten":[],"product_brand":[],"product_cat":[50,54],"product_tag":[],"class_list":{"0":"post-6248","1":"product","2":"type-product","3":"status-publish","4":"has-post-thumbnail","6":"product_cat-huisdieren","7":"product_cat-huisdieren-aandenken","9":"first","10":"instock","11":"taxable","12":"shipping-taxable","13":"purchasable","14":"product-type-simple"},"acf":[],"_links":{"self":[{"href":"https:\/\/hokaservice.be\/fr\/wp-json\/wp\/v2\/product\/6248","targetHints":{"allow":["GET"]}}],"collection":[{"href":"https:\/\/hokaservice.be\/fr\/wp-json\/wp\/v2\/product"}],"about":[{"href":"https:\/\/hokaservice.be\/fr\/wp-json\/wp\/v2\/types\/product"}],"wp:featuredmedia":[{"embeddable":true,"href":"https:\/\/hokaservice.be\/fr\/wp-json\/wp\/v2\/media\/6252"}],"wp:attachment":[{"href":"https:\/\/hokaservice.be\/fr\/wp-json\/wp\/v2\/media?parent=6248"}],"wp:term":[{"taxonomy":"uitgelichte_assortimenten","embeddable":true,"href":"https:\/\/hokaservice.be\/fr\/wp-json\/wp\/v2\/uitgelichte_assortimenten?post=6248"},{"taxonomy":"product_brand","embeddable":true,"href":"https:\/\/hokaservice.be\/fr\/wp-json\/wp\/v2\/product_brand?post=6248"},{"taxonomy":"product_cat","embeddable":true,"href":"https:\/\/hokaservice.be\/fr\/wp-json\/wp\/v2\/product_cat?post=6248"},{"taxonomy":"product_tag","embeddable":true,"href":"https:\/\/hokaservice.be\/fr\/wp-json\/wp\/v2\/product_tag?post=6248"}],"curies":[{"name":"wp","href":"https:\/\/api.w.org\/{rel}","templated":true}]}}