{"id":6039,"date":"2025-03-07T15:41:02","date_gmt":"2025-03-07T14:41:02","guid":{"rendered":"https:\/\/hokaservice.be\/?post_type=product&#038;p=6039"},"modified":"2025-06-23T11:55:05","modified_gmt":"2025-06-23T09:55:05","slug":"alu-sand-small-medium-and-large","status":"publish","type":"product","link":"https:\/\/hokaservice.be\/fr\/product\/alu-zand-klein-medium-en-groot\/","title":{"rendered":"ALU SABLE - petit, moyen et grand"},"content":{"rendered":"<p>Urne en aluminium avec couvercle \u00e0 vis pour une fermeture s\u00e9curis\u00e9e<\/p>\n<p>Couleur : mat<\/p>\n<p>Tailles disponibles :<\/p>\n<p>&#8211;\u00a0<strong>Petit \u20ac40<\/strong>: 0,35L &#8211; 8,4cm x 11cm &#8211; Voor huisdieren tot +\/- 9kg<\/p>\n<p>&#8211;\u00a0<strong>Moyen \u20ac50<\/strong>: 0,65L &#8211; 9,9cm x 12,5cm &#8211; Voor huisdieren tot +\/- 15kg<\/p>\n<p>&#8211;\u00a0<strong>Grand \u20ac60<\/strong>: 1,15L &#8211; 11,7cm x 15cm &#8211; Voor huisdieren tot +\/- 35kg<\/p>","protected":false},"excerpt":{"rendered":"<p>Aluminium urne met schroefdop voor een veilige sluiting Kleur: mat Beschikbare formaten: &#8211;\u00a0Klein \u20ac40: 0,35L &#8211; 8,4cm x 11cm &#8211; Voor huisdieren tot +\/- 9kg &#8211;\u00a0Medium \u20ac50: 0,65L &#8211; 9,9cm x 12,5cm &#8211; Voor huisdieren tot +\/- 15kg &#8211;\u00a0Groot \u20ac60: 1,15L &#8211; 11,7cm x 15cm &#8211; Voor huisdieren tot +\/- 35kg<\/p>","protected":false},"featured_media":3764,"template":"","meta":{"_acf_changed":false},"uitgelichte_assortimenten":[],"product_brand":[],"product_cat":[50,52],"product_tag":[],"class_list":{"0":"post-6039","1":"product","2":"type-product","3":"status-publish","4":"has-post-thumbnail","6":"product_cat-huisdieren","7":"product_cat-huisdieren-urnen","9":"first","10":"instock","11":"taxable","12":"shipping-taxable","13":"purchasable","14":"product-type-variable","15":"has-default-attributes"},"acf":[],"_links":{"self":[{"href":"https:\/\/hokaservice.be\/fr\/wp-json\/wp\/v2\/product\/6039","targetHints":{"allow":["GET"]}}],"collection":[{"href":"https:\/\/hokaservice.be\/fr\/wp-json\/wp\/v2\/product"}],"about":[{"href":"https:\/\/hokaservice.be\/fr\/wp-json\/wp\/v2\/types\/product"}],"wp:featuredmedia":[{"embeddable":true,"href":"https:\/\/hokaservice.be\/fr\/wp-json\/wp\/v2\/media\/3764"}],"wp:attachment":[{"href":"https:\/\/hokaservice.be\/fr\/wp-json\/wp\/v2\/media?parent=6039"}],"wp:term":[{"taxonomy":"uitgelichte_assortimenten","embeddable":true,"href":"https:\/\/hokaservice.be\/fr\/wp-json\/wp\/v2\/uitgelichte_assortimenten?post=6039"},{"taxonomy":"product_brand","embeddable":true,"href":"https:\/\/hokaservice.be\/fr\/wp-json\/wp\/v2\/product_brand?post=6039"},{"taxonomy":"product_cat","embeddable":true,"href":"https:\/\/hokaservice.be\/fr\/wp-json\/wp\/v2\/product_cat?post=6039"},{"taxonomy":"product_tag","embeddable":true,"href":"https:\/\/hokaservice.be\/fr\/wp-json\/wp\/v2\/product_tag?post=6039"}],"curies":[{"name":"wp","href":"https:\/\/api.w.org\/{rel}","templated":true}]}}