{"id":6031,"date":"2025-03-07T15:37:57","date_gmt":"2025-03-07T14:37:57","guid":{"rendered":"https:\/\/hokaservice.be\/?post_type=product&#038;p=6031"},"modified":"2025-06-23T11:56:52","modified_gmt":"2025-06-23T09:56:52","slug":"alu-argente-petit-moyen-et-grand","status":"publish","type":"product","link":"https:\/\/hokaservice.be\/fr\/product\/alu-zilver-klein-medium-en-groot\/","title":{"rendered":"ALU ARGENT - petit, moyen et grand"},"content":{"rendered":"<p>Urne en aluminium avec couvercle \u00e0 vis pour une fermeture s\u00e9curis\u00e9e<\/p>\n<p>Couleur : argent brillant<\/p>\n<p>Tailles disponibles :<\/p>\n<p>&#8211;\u00a0<strong>Petit \u20ac40<\/strong>: 0,35L &#8211; 8,4cm x 11cm &#8211; Voor huisdieren tot +\/- 9kg<\/p>\n<p>&#8211;\u00a0<strong>Moyen \u20ac50<\/strong>: 0,65L &#8211; 9,9cm x 12,5cm &#8211; Voor huisdieren tot +\/- 15kg<\/p>\n<p>&#8211;\u00a0<strong>Grand \u20ac60<\/strong>: 1,15L &#8211; 11,7cm x 15cm &#8211; Voor huisdieren tot +\/- 35kg<\/p>","protected":false},"excerpt":{"rendered":"<p>Aluminium urne met schroefdop voor een veilige sluiting Kleur: blinkend zilver Beschikbare formaten: &#8211;\u00a0Klein \u20ac40: 0,35L &#8211; 8,4cm x 11cm &#8211; Voor huisdieren tot +\/- 9kg &#8211;\u00a0Medium \u20ac50: 0,65L &#8211; 9,9cm x 12,5cm &#8211; Voor huisdieren tot +\/- 15kg &#8211;\u00a0Groot \u20ac60: 1,15L &#8211; 11,7cm x 15cm &#8211; Voor huisdieren tot +\/- 35kg<\/p>","protected":false},"featured_media":3782,"template":"","meta":{"_acf_changed":false},"uitgelichte_assortimenten":[],"product_brand":[],"product_cat":[50,52],"product_tag":[],"class_list":{"0":"post-6031","1":"product","2":"type-product","3":"status-publish","4":"has-post-thumbnail","6":"product_cat-huisdieren","7":"product_cat-huisdieren-urnen","9":"first","10":"instock","11":"taxable","12":"shipping-taxable","13":"purchasable","14":"product-type-variable","15":"has-default-attributes"},"acf":[],"_links":{"self":[{"href":"https:\/\/hokaservice.be\/fr\/wp-json\/wp\/v2\/product\/6031","targetHints":{"allow":["GET"]}}],"collection":[{"href":"https:\/\/hokaservice.be\/fr\/wp-json\/wp\/v2\/product"}],"about":[{"href":"https:\/\/hokaservice.be\/fr\/wp-json\/wp\/v2\/types\/product"}],"wp:featuredmedia":[{"embeddable":true,"href":"https:\/\/hokaservice.be\/fr\/wp-json\/wp\/v2\/media\/3782"}],"wp:attachment":[{"href":"https:\/\/hokaservice.be\/fr\/wp-json\/wp\/v2\/media?parent=6031"}],"wp:term":[{"taxonomy":"uitgelichte_assortimenten","embeddable":true,"href":"https:\/\/hokaservice.be\/fr\/wp-json\/wp\/v2\/uitgelichte_assortimenten?post=6031"},{"taxonomy":"product_brand","embeddable":true,"href":"https:\/\/hokaservice.be\/fr\/wp-json\/wp\/v2\/product_brand?post=6031"},{"taxonomy":"product_cat","embeddable":true,"href":"https:\/\/hokaservice.be\/fr\/wp-json\/wp\/v2\/product_cat?post=6031"},{"taxonomy":"product_tag","embeddable":true,"href":"https:\/\/hokaservice.be\/fr\/wp-json\/wp\/v2\/product_tag?post=6031"}],"curies":[{"name":"wp","href":"https:\/\/api.w.org\/{rel}","templated":true}]}}