{"id":6014,"date":"2025-03-07T15:29:06","date_gmt":"2025-03-07T14:29:06","guid":{"rendered":"https:\/\/hokaservice.be\/?post_type=product&#038;p=6014"},"modified":"2026-04-27T14:33:52","modified_gmt":"2026-04-27T12:33:52","slug":"photobox-cerise-petit-moyen-grand-et-maxi","status":"publish","type":"product","link":"https:\/\/hokaservice.be\/fr\/product\/fotobox-kers-klein-medium-groot-en-maxi\/","title":{"rendered":"PHOTOBOX CERISE - petit, moyen, grande et maxi"},"content":{"rendered":"<p>Bo\u00eete en MDF dot\u00e9e d'un emplacement pour photo s\u00e9par\u00e9 du compartiment \u00e0 cendres, afin que vous puissiez facilement y ins\u00e9rer vous-m\u00eame une photo de votre animal de compagnie bien-aim\u00e9<\/p>\n<p>Mat\u00e9riau : MDF \u2013 Couleur : cerisier<\/p>\n<p>Dimensions disponibles<\/p>\n<p>\u2013\u00a0<strong>Petit \u20ac105<\/strong>: Dimensions : 9,1 \u00d7 8,6 \u00d7 12,7 cm \u2013 Taille maximale de la photo : 5,5 \u00d7 9,5 cm \u2013 Contenance : 0,45 L \u2013 Convient aux animaux de compagnie pesant jusqu'\u00e0 environ 10 kg<\/p>\n<p>\u2013\u00a0<strong>Medium \u20ac125<\/strong>: Dimensions : 10,9 \u00d7 10,2 \u00d7 14,7 cm \u2013 Taille maximale de la photo : 8 \u00d7 12 cm \u2013 Contenance : 0,65 L \u2013 Convient aux animaux de compagnie pesant jusqu'\u00e0 environ 18 kg<\/p>\n<p>\u2013\u00a0<strong>Groot \u20ac145<\/strong>: Dimensions : 12,5 \u00d7 12,2 \u00d7 16,5 cm \u2013 Taille maximale de la photo : 9,5 \u00d7 13 cm \u2013 Contenance : 1,4 L \u2013 Convient aux animaux de compagnie pesant jusqu'\u00e0 environ 35 kg<\/p>\n<p>\u2013\u00a0<strong>Maxi \u20ac165<\/strong>: Dimensions : 21,6 x 14 x 15,2 cm \u2013 Dimensions maximales de la photo : 11,5 x 14 cm \u2013 Capacit\u00e9 : 3,3 L \u2013 Convient aux animaux de compagnie de plus de 35 kg<\/p>","protected":false},"excerpt":{"rendered":"<p>MDF box met een fotogleuf gescheiden van het ascompartiment zodat U makkelijk zelf een foto van Uw geliefde huisdier kunt plaatsen Materiaal: MDF \u2013 Kleur: kers Beschikbare formaten \u2013\u00a0Klein \u20ac105:\u00a0Afmetingen: 9,1&#215;8,6&#215;12,7cm \u2013 Maximum grootte foto:\u00a05,5&#215;9,5cm \u2013 Inhoud 0,45L \u2013 Geschikt voor huisdieren tot +\/- 10kg \u2013\u00a0Medium \u20ac125: Afmetingen: 10,9&#215;10,2&#215;14,7cm \u2013\u00a0Maximum grootte foto:\u00a08x12cm \u2013 Inhoud 0,65L [&hellip;]<\/p>\n","protected":false},"featured_media":3817,"template":"","meta":{"_acf_changed":false},"uitgelichte_assortimenten":[],"product_brand":[],"product_cat":[50,53,51,57],"product_tag":[],"class_list":{"0":"post-6014","1":"product","2":"type-product","3":"status-publish","4":"has-post-thumbnail","6":"product_cat-huisdieren","7":"product_cat-huisdieren-luxeurnen","8":"product_cat-paarden","9":"product_cat-paarden-urnen","11":"first","12":"instock","13":"taxable","14":"shipping-taxable","15":"purchasable","16":"product-type-variable"},"acf":[],"_links":{"self":[{"href":"https:\/\/hokaservice.be\/fr\/wp-json\/wp\/v2\/product\/6014","targetHints":{"allow":["GET"]}}],"collection":[{"href":"https:\/\/hokaservice.be\/fr\/wp-json\/wp\/v2\/product"}],"about":[{"href":"https:\/\/hokaservice.be\/fr\/wp-json\/wp\/v2\/types\/product"}],"wp:featuredmedia":[{"embeddable":true,"href":"https:\/\/hokaservice.be\/fr\/wp-json\/wp\/v2\/media\/3817"}],"wp:attachment":[{"href":"https:\/\/hokaservice.be\/fr\/wp-json\/wp\/v2\/media?parent=6014"}],"wp:term":[{"taxonomy":"uitgelichte_assortimenten","embeddable":true,"href":"https:\/\/hokaservice.be\/fr\/wp-json\/wp\/v2\/uitgelichte_assortimenten?post=6014"},{"taxonomy":"product_brand","embeddable":true,"href":"https:\/\/hokaservice.be\/fr\/wp-json\/wp\/v2\/product_brand?post=6014"},{"taxonomy":"product_cat","embeddable":true,"href":"https:\/\/hokaservice.be\/fr\/wp-json\/wp\/v2\/product_cat?post=6014"},{"taxonomy":"product_tag","embeddable":true,"href":"https:\/\/hokaservice.be\/fr\/wp-json\/wp\/v2\/product_tag?post=6014"}],"curies":[{"name":"wp","href":"https:\/\/api.w.org\/{rel}","templated":true}]}}