{"id":5992,"date":"2025-03-07T15:07:44","date_gmt":"2025-03-07T14:07:44","guid":{"rendered":"https:\/\/hokaservice.be\/?post_type=product&#038;p=5992"},"modified":"2026-01-29T11:14:11","modified_gmt":"2026-01-29T10:14:11","slug":"velours-creme-moyen-large","status":"publish","type":"product","link":"https:\/\/hokaservice.be\/fr\/product\/velvet-creme-medium-groot\/","title":{"rendered":"VELVET CR\u00c8ME - moyen et grand"},"content":{"rendered":"<p>Urne mate en c\u00e9ramique avec finition velours et pieds dor\u00e9s<\/p>\n<p>Kleur: cr\u00e8me<\/p>\n<p>Tailles disponibles :<\/p>\n<p><strong>Moyen<\/strong>: 0.5L (convient aux animaux jusqu'\u00e0 +\/- 17kg)\u00a0\u00a0<strong>\u20ac140<\/strong><\/p>\n<p><strong>Grand<\/strong>: 1.5L (convient aux animaux jusqu'\u00e0 +\/- 39kg)\u00a0<strong>\u20ac165<\/strong><\/p>","protected":false},"excerpt":{"rendered":"<p>Matte urne in keramiek met afwerking in velours en goudkleurige pootjes Kleur: cr\u00e8me Beschikbare afmetingen: Medium: 0,5L (geschikt voor huisdieren tot +\/- 17kg) &#8211;\u00a0\u00a0\u20ac140 Groot: 1,5L (geschikt voor huisdieren tot +\/- 39kg) &#8211;\u00a0\u20ac165<\/p>","protected":false},"featured_media":3839,"template":"","meta":{"_acf_changed":false},"uitgelichte_assortimenten":[],"product_brand":[],"product_cat":[50,53],"product_tag":[],"class_list":{"0":"post-5992","1":"product","2":"type-product","3":"status-publish","4":"has-post-thumbnail","6":"product_cat-huisdieren","7":"product_cat-huisdieren-luxeurnen","9":"first","10":"instock","11":"taxable","12":"shipping-taxable","13":"purchasable","14":"product-type-variable","15":"has-default-attributes"},"acf":[],"_links":{"self":[{"href":"https:\/\/hokaservice.be\/fr\/wp-json\/wp\/v2\/product\/5992","targetHints":{"allow":["GET"]}}],"collection":[{"href":"https:\/\/hokaservice.be\/fr\/wp-json\/wp\/v2\/product"}],"about":[{"href":"https:\/\/hokaservice.be\/fr\/wp-json\/wp\/v2\/types\/product"}],"wp:featuredmedia":[{"embeddable":true,"href":"https:\/\/hokaservice.be\/fr\/wp-json\/wp\/v2\/media\/3839"}],"wp:attachment":[{"href":"https:\/\/hokaservice.be\/fr\/wp-json\/wp\/v2\/media?parent=5992"}],"wp:term":[{"taxonomy":"uitgelichte_assortimenten","embeddable":true,"href":"https:\/\/hokaservice.be\/fr\/wp-json\/wp\/v2\/uitgelichte_assortimenten?post=5992"},{"taxonomy":"product_brand","embeddable":true,"href":"https:\/\/hokaservice.be\/fr\/wp-json\/wp\/v2\/product_brand?post=5992"},{"taxonomy":"product_cat","embeddable":true,"href":"https:\/\/hokaservice.be\/fr\/wp-json\/wp\/v2\/product_cat?post=5992"},{"taxonomy":"product_tag","embeddable":true,"href":"https:\/\/hokaservice.be\/fr\/wp-json\/wp\/v2\/product_tag?post=5992"}],"curies":[{"name":"wp","href":"https:\/\/api.w.org\/{rel}","templated":true}]}}