{"id":5781,"date":"2024-03-05T09:45:46","date_gmt":"2024-03-05T08:45:46","guid":{"rendered":"https:\/\/hokaservice.be\/product\/multi-inktblauw\/"},"modified":"2025-06-23T15:47:48","modified_gmt":"2025-06-23T13:47:48","slug":"bleu-multi-encre","status":"publish","type":"product","link":"https:\/\/hokaservice.be\/fr\/product\/multi-inktblauw\/","title":{"rendered":"MULTI BLUE D'ENCRE"},"content":{"rendered":"<p>Urne en c\u00e9ramique fabriqu\u00e9e \u00e0 la main \u2013 la couleur et les dimensions peuvent varier<\/p>\n<p>Dimensions : 11 x 8 cm<\/p>\n<p>Convient aux petits animaux de compagnie pesant jusqu'\u00e0 5 kg<\/p>","protected":false},"excerpt":{"rendered":"<p>Handgemaakte urne in keramiek &#8211; kleur en afmetingen kunnen afwijken Afmetingen: 11x8cm Geschikt voor kleine huisdieren tot 5kg<\/p>","protected":false},"featured_media":2634,"template":"","meta":{"_acf_changed":false},"uitgelichte_assortimenten":[],"product_brand":[],"product_cat":[50,52],"product_tag":[],"class_list":{"0":"post-5781","1":"product","2":"type-product","3":"status-publish","4":"has-post-thumbnail","6":"product_cat-huisdieren","7":"product_cat-huisdieren-urnen","9":"first","10":"instock","11":"taxable","12":"shipping-taxable","13":"purchasable","14":"product-type-simple"},"acf":[],"_links":{"self":[{"href":"https:\/\/hokaservice.be\/fr\/wp-json\/wp\/v2\/product\/5781","targetHints":{"allow":["GET"]}}],"collection":[{"href":"https:\/\/hokaservice.be\/fr\/wp-json\/wp\/v2\/product"}],"about":[{"href":"https:\/\/hokaservice.be\/fr\/wp-json\/wp\/v2\/types\/product"}],"wp:featuredmedia":[{"embeddable":true,"href":"https:\/\/hokaservice.be\/fr\/wp-json\/wp\/v2\/media\/2634"}],"wp:attachment":[{"href":"https:\/\/hokaservice.be\/fr\/wp-json\/wp\/v2\/media?parent=5781"}],"wp:term":[{"taxonomy":"uitgelichte_assortimenten","embeddable":true,"href":"https:\/\/hokaservice.be\/fr\/wp-json\/wp\/v2\/uitgelichte_assortimenten?post=5781"},{"taxonomy":"product_brand","embeddable":true,"href":"https:\/\/hokaservice.be\/fr\/wp-json\/wp\/v2\/product_brand?post=5781"},{"taxonomy":"product_cat","embeddable":true,"href":"https:\/\/hokaservice.be\/fr\/wp-json\/wp\/v2\/product_cat?post=5781"},{"taxonomy":"product_tag","embeddable":true,"href":"https:\/\/hokaservice.be\/fr\/wp-json\/wp\/v2\/product_tag?post=5781"}],"curies":[{"name":"wp","href":"https:\/\/api.w.org\/{rel}","templated":true}]}}