{"id":5675,"date":"2024-03-12T10:39:18","date_gmt":"2024-03-12T09:39:18","guid":{"rendered":"https:\/\/hokaservice.be\/product\/mu6-hartje-effen-wit\/"},"modified":"2026-01-23T17:36:50","modified_gmt":"2026-01-23T16:36:50","slug":"mu6-entendre-meme-le-blanc","status":"publish","type":"product","link":"https:\/\/hokaservice.be\/fr\/product\/mu6-hartje-effen-wit\/","title":{"rendered":"MU6 C\u0152UR UNIE BLANC"},"content":{"rendered":"<div class=\"attribute-title\">\n<p>Urne en forme de c\u0153ur avec un couvercle \u00e0 vis pour une fermeture s\u00e9curis\u00e9e<\/p>\n<p>Couleur : blanc uni<\/p>\n<p>Mat\u00e9riau : laiton<\/p>\n<p>Dimensions : 7,4 x 6,8 cm \u2013 Contenance : 50 ml\u00a0<strong>7,4 x 6,8cm\u00a0<\/strong>\u2013 Inhoud:\u00a0<strong>50ml<\/strong><\/p>\n<\/div>\n<p><em>Socle non inclus dans le prix de base \u2013 disponible en or ou en argent, 12,50 \u20ac<\/em><\/p>","protected":false},"excerpt":{"rendered":"<p>Urne in hartvorm met schroefdop voor een veilige sluiting Kleur: effen wit Materiaal: messing Afmetingen:\u00a07,4 x 6,8cm\u00a0\u2013 Inhoud:\u00a050ml Sokkel niet standaard inbegrepen \u2013 verkrijgbaar in goud of zilver \u20ac12,50<\/p>","protected":false},"featured_media":6445,"template":"","meta":{"_acf_changed":false},"uitgelichte_assortimenten":[],"product_brand":[],"product_cat":[50,53,51,57],"product_tag":[],"class_list":{"0":"post-5675","1":"product","2":"type-product","3":"status-publish","4":"has-post-thumbnail","6":"product_cat-huisdieren","7":"product_cat-huisdieren-luxeurnen","8":"product_cat-paarden","9":"product_cat-paarden-urnen","11":"first","12":"instock","13":"taxable","14":"shipping-taxable","15":"purchasable","16":"product-type-simple"},"acf":[],"_links":{"self":[{"href":"https:\/\/hokaservice.be\/fr\/wp-json\/wp\/v2\/product\/5675","targetHints":{"allow":["GET"]}}],"collection":[{"href":"https:\/\/hokaservice.be\/fr\/wp-json\/wp\/v2\/product"}],"about":[{"href":"https:\/\/hokaservice.be\/fr\/wp-json\/wp\/v2\/types\/product"}],"wp:featuredmedia":[{"embeddable":true,"href":"https:\/\/hokaservice.be\/fr\/wp-json\/wp\/v2\/media\/6445"}],"wp:attachment":[{"href":"https:\/\/hokaservice.be\/fr\/wp-json\/wp\/v2\/media?parent=5675"}],"wp:term":[{"taxonomy":"uitgelichte_assortimenten","embeddable":true,"href":"https:\/\/hokaservice.be\/fr\/wp-json\/wp\/v2\/uitgelichte_assortimenten?post=5675"},{"taxonomy":"product_brand","embeddable":true,"href":"https:\/\/hokaservice.be\/fr\/wp-json\/wp\/v2\/product_brand?post=5675"},{"taxonomy":"product_cat","embeddable":true,"href":"https:\/\/hokaservice.be\/fr\/wp-json\/wp\/v2\/product_cat?post=5675"},{"taxonomy":"product_tag","embeddable":true,"href":"https:\/\/hokaservice.be\/fr\/wp-json\/wp\/v2\/product_tag?post=5675"}],"curies":[{"name":"wp","href":"https:\/\/api.w.org\/{rel}","templated":true}]}}