{"id":5670,"date":"2024-03-12T11:14:00","date_gmt":"2024-03-12T10:14:00","guid":{"rendered":"https:\/\/hokaservice.be\/product\/mu5-hartje-rood\/"},"modified":"2026-02-26T14:45:43","modified_gmt":"2026-02-26T13:45:43","slug":"mu5-coeur-rouge","status":"publish","type":"product","link":"https:\/\/hokaservice.be\/fr\/product\/mu5-hartje-rood\/","title":{"rendered":"MU5 C\u0152UR ROUGE"},"content":{"rendered":"<div class=\"attribute-title\">\n<p>Urne en forme de c\u0153ur avec un couvercle \u00e0 vis pour une fermeture s\u00e9curis\u00e9e<\/p>\n<p>Couleur : rouge avec 1 petite patte en or<\/p>\n<p>Mat\u00e9riau : laiton<\/p>\n<p>Dimensions : 7,4 x 6,8 cm \u2013 Contenance : 50 ml\u00a0<strong>7,4 x 6,8cm\u00a0<\/strong>- Contenu : <strong>50ml<\/strong><\/p>\n<p>Avec un coffret en velours bleu<\/p>\n<\/div>\n<p><em>Socle non inclus dans le prix de base \u2013 disponible en or ou en argent \u00e0 12,50 \u20ac<\/em><\/p>","protected":false},"excerpt":{"rendered":"<p>Urne in hartvorm met schroefdop voor een veilige sluiting Kleur: rood met gouden pootje Materiaal: messing Afmetingen:\u00a07,4 x 6,8cm\u00a0&#8211; Inhoud: 50ml Inclusief blauw fluwelen doosje Sokkel niet standaard inbegrepen &#8211; verkrijgbaar in goud of zilver \u20ac12,50<\/p>","protected":false},"featured_media":3915,"template":"","meta":{"_acf_changed":false},"uitgelichte_assortimenten":[],"product_brand":[],"product_cat":[53],"product_tag":[],"class_list":{"0":"post-5670","1":"product","2":"type-product","3":"status-publish","4":"has-post-thumbnail","6":"product_cat-huisdieren-luxeurnen","8":"first","9":"instock","10":"taxable","11":"shipping-taxable","12":"purchasable","13":"product-type-simple"},"acf":[],"_links":{"self":[{"href":"https:\/\/hokaservice.be\/fr\/wp-json\/wp\/v2\/product\/5670","targetHints":{"allow":["GET"]}}],"collection":[{"href":"https:\/\/hokaservice.be\/fr\/wp-json\/wp\/v2\/product"}],"about":[{"href":"https:\/\/hokaservice.be\/fr\/wp-json\/wp\/v2\/types\/product"}],"wp:featuredmedia":[{"embeddable":true,"href":"https:\/\/hokaservice.be\/fr\/wp-json\/wp\/v2\/media\/3915"}],"wp:attachment":[{"href":"https:\/\/hokaservice.be\/fr\/wp-json\/wp\/v2\/media?parent=5670"}],"wp:term":[{"taxonomy":"uitgelichte_assortimenten","embeddable":true,"href":"https:\/\/hokaservice.be\/fr\/wp-json\/wp\/v2\/uitgelichte_assortimenten?post=5670"},{"taxonomy":"product_brand","embeddable":true,"href":"https:\/\/hokaservice.be\/fr\/wp-json\/wp\/v2\/product_brand?post=5670"},{"taxonomy":"product_cat","embeddable":true,"href":"https:\/\/hokaservice.be\/fr\/wp-json\/wp\/v2\/product_cat?post=5670"},{"taxonomy":"product_tag","embeddable":true,"href":"https:\/\/hokaservice.be\/fr\/wp-json\/wp\/v2\/product_tag?post=5670"}],"curies":[{"name":"wp","href":"https:\/\/api.w.org\/{rel}","templated":true}]}}