{"id":5656,"date":"2024-03-12T12:01:00","date_gmt":"2024-03-12T11:01:00","guid":{"rendered":"https:\/\/hokaservice.be\/product\/askader-donkerbruin\/"},"modified":"2025-06-23T16:29:07","modified_gmt":"2025-06-23T14:29:07","slug":"cadre-en-frene-brun-fonce","status":"publish","type":"product","link":"https:\/\/hokaservice.be\/fr\/product\/askader-donkerbruin\/","title":{"rendered":"ASKADER BRUN FONC\u00c9"},"content":{"rendered":"<p>Cadre photo en forme de c\u0153ur dans lequel vous pouvez ins\u00e9rer une photo de votre animal de compagnie<\/p>\n<p>Couleur : marron fonc\u00e9<\/p>\n<p>Dimensions du cadre : 20 x 25 cm<\/p>\n<p>Dimensions de la photo : 13 x 18 cm<\/p>","protected":false},"excerpt":{"rendered":"<p>Fotokader met ashartje waarin U zelf een foto kunt plaatsen van Uw geliefde huisdier Kleur: donkerbruin Afmetingen kader: 20x25cm Afmetingen foto: 13x18cm<\/p>","protected":false},"featured_media":6475,"template":"","meta":{"_acf_changed":false},"uitgelichte_assortimenten":[],"product_brand":[],"product_cat":[50,53,51,57],"product_tag":[],"class_list":{"0":"post-5656","1":"product","2":"type-product","3":"status-publish","4":"has-post-thumbnail","6":"product_cat-huisdieren","7":"product_cat-huisdieren-luxeurnen","8":"product_cat-paarden","9":"product_cat-paarden-urnen","11":"first","12":"instock","13":"taxable","14":"shipping-taxable","15":"purchasable","16":"product-type-simple"},"acf":[],"_links":{"self":[{"href":"https:\/\/hokaservice.be\/fr\/wp-json\/wp\/v2\/product\/5656","targetHints":{"allow":["GET"]}}],"collection":[{"href":"https:\/\/hokaservice.be\/fr\/wp-json\/wp\/v2\/product"}],"about":[{"href":"https:\/\/hokaservice.be\/fr\/wp-json\/wp\/v2\/types\/product"}],"wp:featuredmedia":[{"embeddable":true,"href":"https:\/\/hokaservice.be\/fr\/wp-json\/wp\/v2\/media\/6475"}],"wp:attachment":[{"href":"https:\/\/hokaservice.be\/fr\/wp-json\/wp\/v2\/media?parent=5656"}],"wp:term":[{"taxonomy":"uitgelichte_assortimenten","embeddable":true,"href":"https:\/\/hokaservice.be\/fr\/wp-json\/wp\/v2\/uitgelichte_assortimenten?post=5656"},{"taxonomy":"product_brand","embeddable":true,"href":"https:\/\/hokaservice.be\/fr\/wp-json\/wp\/v2\/product_brand?post=5656"},{"taxonomy":"product_cat","embeddable":true,"href":"https:\/\/hokaservice.be\/fr\/wp-json\/wp\/v2\/product_cat?post=5656"},{"taxonomy":"product_tag","embeddable":true,"href":"https:\/\/hokaservice.be\/fr\/wp-json\/wp\/v2\/product_tag?post=5656"}],"curies":[{"name":"wp","href":"https:\/\/api.w.org\/{rel}","templated":true}]}}