{"id":5655,"date":"2024-03-12T12:01:00","date_gmt":"2024-03-12T11:01:00","guid":{"rendered":"https:\/\/hokaservice.be\/product\/askader-hout\/"},"modified":"2025-06-23T16:30:30","modified_gmt":"2025-06-23T14:30:30","slug":"cadre-en-bois-de-frene","status":"publish","type":"product","link":"https:\/\/hokaservice.be\/fr\/product\/askader-hout\/","title":{"rendered":"ASKADER BOIS"},"content":{"rendered":"<p>Cadre photo avec un petit tube dans lequel vous pouvez ins\u00e9rer vous-m\u00eame une photo de votre animal de compagnie bien-aim\u00e9<\/p>\n<p>Couleur : bois<\/p>\n<p>Dimensions du cadre : 20 x 25 cm<\/p>\n<p>Dimensions de la photo : 13 x 18 cm<\/p>","protected":false},"excerpt":{"rendered":"<p>Fotokader met asbuisje waarin U zelf een foto kunt plaatsen van Uw geliefde huisdier Kleur: hout Afmetingen kader: 20x25cm Afmetingen foto: 13x18cm<\/p>","protected":false},"featured_media":3941,"template":"","meta":{"_acf_changed":false},"uitgelichte_assortimenten":[],"product_brand":[],"product_cat":[50,53,51,57],"product_tag":[],"class_list":{"0":"post-5655","1":"product","2":"type-product","3":"status-publish","4":"has-post-thumbnail","6":"product_cat-huisdieren","7":"product_cat-huisdieren-luxeurnen","8":"product_cat-paarden","9":"product_cat-paarden-urnen","11":"first","12":"instock","13":"taxable","14":"shipping-taxable","15":"purchasable","16":"product-type-simple"},"acf":[],"_links":{"self":[{"href":"https:\/\/hokaservice.be\/fr\/wp-json\/wp\/v2\/product\/5655","targetHints":{"allow":["GET"]}}],"collection":[{"href":"https:\/\/hokaservice.be\/fr\/wp-json\/wp\/v2\/product"}],"about":[{"href":"https:\/\/hokaservice.be\/fr\/wp-json\/wp\/v2\/types\/product"}],"wp:featuredmedia":[{"embeddable":true,"href":"https:\/\/hokaservice.be\/fr\/wp-json\/wp\/v2\/media\/3941"}],"wp:attachment":[{"href":"https:\/\/hokaservice.be\/fr\/wp-json\/wp\/v2\/media?parent=5655"}],"wp:term":[{"taxonomy":"uitgelichte_assortimenten","embeddable":true,"href":"https:\/\/hokaservice.be\/fr\/wp-json\/wp\/v2\/uitgelichte_assortimenten?post=5655"},{"taxonomy":"product_brand","embeddable":true,"href":"https:\/\/hokaservice.be\/fr\/wp-json\/wp\/v2\/product_brand?post=5655"},{"taxonomy":"product_cat","embeddable":true,"href":"https:\/\/hokaservice.be\/fr\/wp-json\/wp\/v2\/product_cat?post=5655"},{"taxonomy":"product_tag","embeddable":true,"href":"https:\/\/hokaservice.be\/fr\/wp-json\/wp\/v2\/product_tag?post=5655"}],"curies":[{"name":"wp","href":"https:\/\/api.w.org\/{rel}","templated":true}]}}