{"id":5647,"date":"2024-03-12T13:52:00","date_gmt":"2024-03-12T12:52:00","guid":{"rendered":"https:\/\/hokaservice.be\/product\/druppel-brons\/"},"modified":"2026-02-26T14:35:26","modified_gmt":"2026-02-26T13:35:26","slug":"bronze-en-goutte-deau","status":"publish","type":"product","link":"https:\/\/hokaservice.be\/fr\/product\/druppel-brons\/","title":{"rendered":"GOUTTE AVEC DES PATTES - BRONZE"},"content":{"rendered":"<p>Mat\u00e9riau : urne en m\u00e9tal avec une couche d'\u00e9mail<\/p>\n<p>Couleur : bronze avec des pieds argent\u00e9s<\/p>\n<p>Contenance : 1,1 l<\/p>\n<p>Dimensions : L 14 cm x l 14 cm x H 16 cm<\/p>\n<p><em>Remarque : gravure disponible sur demande<\/em><\/p>","protected":false},"excerpt":{"rendered":"<p>Materiaal: metalen urne met email laag Kleur: Brons met zilveren pootjes Inhoud: 1,1L Afmetingen: L14cmxW14cmxH16cm Opmerking: gravure op aanvraag mogelijk<\/p>","protected":false},"featured_media":7031,"template":"","meta":{"_acf_changed":false},"uitgelichte_assortimenten":[],"product_brand":[],"product_cat":[50,53],"product_tag":[],"class_list":{"0":"post-5647","1":"product","2":"type-product","3":"status-publish","4":"has-post-thumbnail","6":"product_cat-huisdieren","7":"product_cat-huisdieren-luxeurnen","9":"first","10":"instock","11":"taxable","12":"shipping-taxable","13":"purchasable","14":"product-type-simple"},"acf":[],"_links":{"self":[{"href":"https:\/\/hokaservice.be\/fr\/wp-json\/wp\/v2\/product\/5647","targetHints":{"allow":["GET"]}}],"collection":[{"href":"https:\/\/hokaservice.be\/fr\/wp-json\/wp\/v2\/product"}],"about":[{"href":"https:\/\/hokaservice.be\/fr\/wp-json\/wp\/v2\/types\/product"}],"wp:featuredmedia":[{"embeddable":true,"href":"https:\/\/hokaservice.be\/fr\/wp-json\/wp\/v2\/media\/7031"}],"wp:attachment":[{"href":"https:\/\/hokaservice.be\/fr\/wp-json\/wp\/v2\/media?parent=5647"}],"wp:term":[{"taxonomy":"uitgelichte_assortimenten","embeddable":true,"href":"https:\/\/hokaservice.be\/fr\/wp-json\/wp\/v2\/uitgelichte_assortimenten?post=5647"},{"taxonomy":"product_brand","embeddable":true,"href":"https:\/\/hokaservice.be\/fr\/wp-json\/wp\/v2\/product_brand?post=5647"},{"taxonomy":"product_cat","embeddable":true,"href":"https:\/\/hokaservice.be\/fr\/wp-json\/wp\/v2\/product_cat?post=5647"},{"taxonomy":"product_tag","embeddable":true,"href":"https:\/\/hokaservice.be\/fr\/wp-json\/wp\/v2\/product_tag?post=5647"}],"curies":[{"name":"wp","href":"https:\/\/api.w.org\/{rel}","templated":true}]}}