{"id":5637,"date":"2024-03-12T14:07:59","date_gmt":"2024-03-12T13:07:59","guid":{"rendered":"https:\/\/hokaservice.be\/product\/cats-silhouette-parelmoer-wit\/"},"modified":"2026-02-26T14:34:46","modified_gmt":"2026-02-26T13:34:46","slug":"chat-silhouette-blanc-nacre","status":"publish","type":"product","link":"https:\/\/hokaservice.be\/fr\/product\/cats-silhouette-parelmoer-wit\/","title":{"rendered":"CATS SILHOUETTE \u2013 BLANC NACR\u00c9"},"content":{"rendered":"<p>Urne en m\u00e9tal avec couche d'\u00e9mail<\/p>\n<p>Couleur nacre blanc<\/p>\n<p>Contenance : 0,3 litre \u2013 Dimensions : L 6,5 x l 10,5 x H 24 cm<\/p>\n<p><em>Remarque : gravure disponible sur demande<\/em><\/p>\n<p>&nbsp;<\/p>","protected":false},"excerpt":{"rendered":"<p>Metaalurne met email laag Kleur parelmoer wit Inhoud: 0,3 liter &#8211; Afmetingen: L6,5xW10,5xH24cm Opmerking: gravure op aanvraag mogelijk &nbsp;<\/p>","protected":false},"featured_media":6985,"template":"","meta":{"_acf_changed":false},"uitgelichte_assortimenten":[],"product_brand":[],"product_cat":[50,53],"product_tag":[],"class_list":{"0":"post-5637","1":"product","2":"type-product","3":"status-publish","4":"has-post-thumbnail","6":"product_cat-huisdieren","7":"product_cat-huisdieren-luxeurnen","9":"first","10":"instock","11":"taxable","12":"shipping-taxable","13":"purchasable","14":"product-type-simple"},"acf":[],"_links":{"self":[{"href":"https:\/\/hokaservice.be\/fr\/wp-json\/wp\/v2\/product\/5637","targetHints":{"allow":["GET"]}}],"collection":[{"href":"https:\/\/hokaservice.be\/fr\/wp-json\/wp\/v2\/product"}],"about":[{"href":"https:\/\/hokaservice.be\/fr\/wp-json\/wp\/v2\/types\/product"}],"wp:featuredmedia":[{"embeddable":true,"href":"https:\/\/hokaservice.be\/fr\/wp-json\/wp\/v2\/media\/6985"}],"wp:attachment":[{"href":"https:\/\/hokaservice.be\/fr\/wp-json\/wp\/v2\/media?parent=5637"}],"wp:term":[{"taxonomy":"uitgelichte_assortimenten","embeddable":true,"href":"https:\/\/hokaservice.be\/fr\/wp-json\/wp\/v2\/uitgelichte_assortimenten?post=5637"},{"taxonomy":"product_brand","embeddable":true,"href":"https:\/\/hokaservice.be\/fr\/wp-json\/wp\/v2\/product_brand?post=5637"},{"taxonomy":"product_cat","embeddable":true,"href":"https:\/\/hokaservice.be\/fr\/wp-json\/wp\/v2\/product_cat?post=5637"},{"taxonomy":"product_tag","embeddable":true,"href":"https:\/\/hokaservice.be\/fr\/wp-json\/wp\/v2\/product_tag?post=5637"}],"curies":[{"name":"wp","href":"https:\/\/api.w.org\/{rel}","templated":true}]}}