{"id":5612,"date":"2024-03-12T14:55:42","date_gmt":"2024-03-12T13:55:42","guid":{"rendered":"https:\/\/hokaservice.be\/product\/bernadette-van-den-steen-almost-white-klein\/"},"modified":"2026-04-27T10:13:48","modified_gmt":"2026-04-27T08:13:48","slug":"bernadette-van-den-steen-presque-blanc-petite","status":"publish","type":"product","link":"https:\/\/hokaservice.be\/fr\/product\/bernadette-van-den-steen-almost-white-klein\/","title":{"rendered":"Bernadette Van Den Steen GOLDEN YELLOW \u2013 mini, petit, moyen et grand"},"content":{"rendered":"<p>Urne en c\u00e9ramique fabriqu\u00e9e \u00e0 la main, accompagn\u00e9e d'un certificat (les couleurs peuvent varier en raison des variations de la gla\u00e7ure)<\/p>\n<p>Tailles disponibles :<\/p>\n<div class=\"field-name-field-custom-field-text field-type-text\">\n<div class=\"field-items\">\n<div class=\"field-item even\"><strong>mini: \u20ac75<\/strong> \u2013 dimensions : 6 cm de diam\u00e8tre \u2013 capacit\u00e9 : <strong>0,10L<\/strong><\/div>\n<div class=\"field-item even\"><strong>petit: \u20ac100<\/strong> \u2013 dimensions : 10 cm de diam\u00e8tre \u2013 capacit\u00e9 : <strong>0,25L<\/strong><\/div>\n<div class=\"field-item even\"><strong>moyen : \u20ac145<\/strong> \u2013 dimensions : 12 cm de diam\u00e8tre \u2013 capacit\u00e9 : <strong>0,5L<\/strong><\/div>\n<div class=\"field-item even\"><strong>grand: \u20ac165<\/strong> \u2013 dimensions : 15 cm de diam\u00e8tre \u2013 capacit\u00e9 : <strong>0,75L<\/strong><\/div>\n<\/div>\n<\/div>\n<div class=\"field-name-body field-type-text-with-summary\">\n<p>&nbsp;<\/p>\n<\/div>","protected":false},"excerpt":{"rendered":"<p>Handgemaakte urne in keramiek met certificaat (kleuren kunnen afwijken door veranderingen in glazuur) Beschikbare formaten: mini: \u20ac75 &#8211; afmetingen: 6cm \u00d8 &#8211; inhoud: 0,10L klein: \u20ac100 &#8211; afmetingen: 10cm \u00d8 &#8211; inhoud: 0,25L medium: \u20ac145 &#8211; afmetingen: 12cm \u00d8 &#8211; inhoud: 0,5L groot: \u20ac165 &#8211; afmetingen: 15cm \u00d8 &#8211; inhoud: 0,75L &nbsp;<\/p>","protected":false},"featured_media":7158,"template":"","meta":{"_acf_changed":false},"uitgelichte_assortimenten":[],"product_brand":[],"product_cat":[50,53],"product_tag":[],"class_list":{"0":"post-5612","1":"product","2":"type-product","3":"status-publish","4":"has-post-thumbnail","6":"product_cat-huisdieren","7":"product_cat-huisdieren-luxeurnen","9":"first","10":"instock","11":"taxable","12":"shipping-taxable","13":"purchasable","14":"product-type-variable","15":"has-default-attributes"},"acf":[],"_links":{"self":[{"href":"https:\/\/hokaservice.be\/fr\/wp-json\/wp\/v2\/product\/5612","targetHints":{"allow":["GET"]}}],"collection":[{"href":"https:\/\/hokaservice.be\/fr\/wp-json\/wp\/v2\/product"}],"about":[{"href":"https:\/\/hokaservice.be\/fr\/wp-json\/wp\/v2\/types\/product"}],"wp:featuredmedia":[{"embeddable":true,"href":"https:\/\/hokaservice.be\/fr\/wp-json\/wp\/v2\/media\/7158"}],"wp:attachment":[{"href":"https:\/\/hokaservice.be\/fr\/wp-json\/wp\/v2\/media?parent=5612"}],"wp:term":[{"taxonomy":"uitgelichte_assortimenten","embeddable":true,"href":"https:\/\/hokaservice.be\/fr\/wp-json\/wp\/v2\/uitgelichte_assortimenten?post=5612"},{"taxonomy":"product_brand","embeddable":true,"href":"https:\/\/hokaservice.be\/fr\/wp-json\/wp\/v2\/product_brand?post=5612"},{"taxonomy":"product_cat","embeddable":true,"href":"https:\/\/hokaservice.be\/fr\/wp-json\/wp\/v2\/product_cat?post=5612"},{"taxonomy":"product_tag","embeddable":true,"href":"https:\/\/hokaservice.be\/fr\/wp-json\/wp\/v2\/product_tag?post=5612"}],"curies":[{"name":"wp","href":"https:\/\/api.w.org\/{rel}","templated":true}]}}