{"id":5606,"date":"2024-03-12T15:04:30","date_gmt":"2024-03-12T14:04:30","guid":{"rendered":"https:\/\/hokaservice.be\/product\/bernadette-van-den-steen-theelicht-grijs-groen\/"},"modified":"2026-04-27T10:13:26","modified_gmt":"2026-04-27T08:13:26","slug":"bernadette-van-den-steen-lumiere-grise-verte","status":"publish","type":"product","link":"https:\/\/hokaservice.be\/fr\/product\/bernadette-van-den-steen-theelicht-grijs-groen\/","title":{"rendered":"Bernadette Van Den Steen PORTE - BOUGIE VERT GRIS"},"content":{"rendered":"<p>Urne en c\u00e9ramique fabriqu\u00e9e \u00e0 la main, accompagn\u00e9e d'un certificat (les couleurs peuvent varier en raison des variations de la gla\u00e7ure)<\/p>\n<p>Dimensions : 12 x 8 cm \u2013 Contenance : 0,25 l<\/p>\n<div class=\"field-name-body field-type-text-with-summary\">\n<p>&nbsp;<\/p>\n<\/div>","protected":false},"excerpt":{"rendered":"<p>Handgemaakte urne in keramiek met certificaat (kleuren kunnen afwijken door veranderingen in glazuur) Afmetingen: 12x8cm &#8211; Inhoud: 0,25L &nbsp;<\/p>","protected":false},"featured_media":7157,"template":"","meta":{"_acf_changed":false},"uitgelichte_assortimenten":[],"product_brand":[],"product_cat":[50,53],"product_tag":[],"class_list":{"0":"post-5606","1":"product","2":"type-product","3":"status-publish","4":"has-post-thumbnail","6":"product_cat-huisdieren","7":"product_cat-huisdieren-luxeurnen","9":"first","10":"instock","11":"taxable","12":"shipping-taxable","13":"purchasable","14":"product-type-simple"},"acf":[],"_links":{"self":[{"href":"https:\/\/hokaservice.be\/fr\/wp-json\/wp\/v2\/product\/5606","targetHints":{"allow":["GET"]}}],"collection":[{"href":"https:\/\/hokaservice.be\/fr\/wp-json\/wp\/v2\/product"}],"about":[{"href":"https:\/\/hokaservice.be\/fr\/wp-json\/wp\/v2\/types\/product"}],"wp:featuredmedia":[{"embeddable":true,"href":"https:\/\/hokaservice.be\/fr\/wp-json\/wp\/v2\/media\/7157"}],"wp:attachment":[{"href":"https:\/\/hokaservice.be\/fr\/wp-json\/wp\/v2\/media?parent=5606"}],"wp:term":[{"taxonomy":"uitgelichte_assortimenten","embeddable":true,"href":"https:\/\/hokaservice.be\/fr\/wp-json\/wp\/v2\/uitgelichte_assortimenten?post=5606"},{"taxonomy":"product_brand","embeddable":true,"href":"https:\/\/hokaservice.be\/fr\/wp-json\/wp\/v2\/product_brand?post=5606"},{"taxonomy":"product_cat","embeddable":true,"href":"https:\/\/hokaservice.be\/fr\/wp-json\/wp\/v2\/product_cat?post=5606"},{"taxonomy":"product_tag","embeddable":true,"href":"https:\/\/hokaservice.be\/fr\/wp-json\/wp\/v2\/product_tag?post=5606"}],"curies":[{"name":"wp","href":"https:\/\/api.w.org\/{rel}","templated":true}]}}