{"id":5593,"date":"2024-03-12T19:12:38","date_gmt":"2024-03-12T18:12:38","guid":{"rendered":"https:\/\/hokaservice.be\/product\/mini-urne-zwart-hartje\/"},"modified":"2026-01-23T17:29:41","modified_gmt":"2026-01-23T16:29:41","slug":"mini-urne-coeur-noir","status":"publish","type":"product","link":"https:\/\/hokaservice.be\/fr\/product\/mini-urne-zwart-hartje\/","title":{"rendered":"MINI C\u0152UR NOIR"},"content":{"rendered":"<p>Mini-urne en c\u00e9ramique faite \u00e0 la main (0,08 l)<br \/>\nCette urne est fabriqu\u00e9e \u00e0 la main, de mani\u00e8re artisanale, avec soin et sur mesure.<\/p>\n<p>Attention : cette urne est toujours coll\u00e9e par le dessous<\/p>","protected":false},"excerpt":{"rendered":"<p>Handgemaakte mini-urne uit keramiek (0.08L.) Deze urne wordt ambachtelijk, zorgvuldig en individueel met de hand gemaakt. Opgelet: deze urne wordt altijd toegelijmd aan de onderkant<\/p>","protected":false},"featured_media":2993,"template":"","meta":{"_acf_changed":false},"uitgelichte_assortimenten":[],"product_brand":[],"product_cat":[50,53,51,57],"product_tag":[],"class_list":{"0":"post-5593","1":"product","2":"type-product","3":"status-publish","4":"has-post-thumbnail","6":"product_cat-huisdieren","7":"product_cat-huisdieren-luxeurnen","8":"product_cat-paarden","9":"product_cat-paarden-urnen","11":"first","12":"instock","13":"taxable","14":"shipping-taxable","15":"purchasable","16":"product-type-simple"},"acf":[],"_links":{"self":[{"href":"https:\/\/hokaservice.be\/fr\/wp-json\/wp\/v2\/product\/5593","targetHints":{"allow":["GET"]}}],"collection":[{"href":"https:\/\/hokaservice.be\/fr\/wp-json\/wp\/v2\/product"}],"about":[{"href":"https:\/\/hokaservice.be\/fr\/wp-json\/wp\/v2\/types\/product"}],"wp:featuredmedia":[{"embeddable":true,"href":"https:\/\/hokaservice.be\/fr\/wp-json\/wp\/v2\/media\/2993"}],"wp:attachment":[{"href":"https:\/\/hokaservice.be\/fr\/wp-json\/wp\/v2\/media?parent=5593"}],"wp:term":[{"taxonomy":"uitgelichte_assortimenten","embeddable":true,"href":"https:\/\/hokaservice.be\/fr\/wp-json\/wp\/v2\/uitgelichte_assortimenten?post=5593"},{"taxonomy":"product_brand","embeddable":true,"href":"https:\/\/hokaservice.be\/fr\/wp-json\/wp\/v2\/product_brand?post=5593"},{"taxonomy":"product_cat","embeddable":true,"href":"https:\/\/hokaservice.be\/fr\/wp-json\/wp\/v2\/product_cat?post=5593"},{"taxonomy":"product_tag","embeddable":true,"href":"https:\/\/hokaservice.be\/fr\/wp-json\/wp\/v2\/product_tag?post=5593"}],"curies":[{"name":"wp","href":"https:\/\/api.w.org\/{rel}","templated":true}]}}