{"id":5580,"date":"2024-03-12T20:17:38","date_gmt":"2024-03-12T19:17:38","guid":{"rendered":"https:\/\/hokaservice.be\/product\/mozaiek-doosje-klein\/"},"modified":"2026-03-16T09:49:24","modified_gmt":"2026-03-16T08:49:24","slug":"boite-mosaique-petite","status":"publish","type":"product","link":"https:\/\/hokaservice.be\/fr\/product\/mozaiek-doosje-klein\/","title":{"rendered":"BO\u00ceTE MOSA\u00cfQUE \u2013 petite, moyenne"},"content":{"rendered":"<p>R\u00e9alis\u00e9 \u00e0 la main par l'artiste Dominique Vermander \u00e0 l'aide de tesselles de mosa\u00efque.<\/p>\n<p>Chaque pi\u00e8ce est unique et r\u00e9serve une surprise, car il existe diff\u00e9rentes variantes possibles pour le couvercle.<\/p>\n<p>Les couvercles disponibles sont : des c\u0153urs, des petits anges, des papillons, des \u00e9toiles et des miroirs avec un cabochon.<\/p>\n<p>C'est donc \u00e0 chaque fois une surprise de d\u00e9couvrir ce que vous allez recevoir exactement.<\/p>\n<p>Petit format 125 \u20ac<\/p>\n<p>Moyen format 150 \u20ac<\/p>","protected":false},"excerpt":{"rendered":"<p>Handgemaakt door kunstenares Dominique Vermander met moza\u00efek steentjes. Ieder stuk is uniek en een verrassing want er zijn verschillende variaties mogelijk wat het deksel betreft. Mogelijke deksels zijn: hartjes, engeltjes, vlinders, ster en spiegels met een cabuchon. Het is dus telkens een verrassing welke u precies krijgt. Formaat klein \u20ac125 Formaat medium \u20ac150<\/p>","protected":false},"featured_media":3017,"template":"","meta":{"_acf_changed":false},"uitgelichte_assortimenten":[],"product_brand":[],"product_cat":[50,53,51,57],"product_tag":[],"class_list":{"0":"post-5580","1":"product","2":"type-product","3":"status-publish","4":"has-post-thumbnail","6":"product_cat-huisdieren","7":"product_cat-huisdieren-luxeurnen","8":"product_cat-paarden","9":"product_cat-paarden-urnen","11":"first","12":"instock","13":"taxable","14":"shipping-taxable","15":"purchasable","16":"product-type-variable","17":"has-default-attributes"},"acf":[],"_links":{"self":[{"href":"https:\/\/hokaservice.be\/fr\/wp-json\/wp\/v2\/product\/5580","targetHints":{"allow":["GET"]}}],"collection":[{"href":"https:\/\/hokaservice.be\/fr\/wp-json\/wp\/v2\/product"}],"about":[{"href":"https:\/\/hokaservice.be\/fr\/wp-json\/wp\/v2\/types\/product"}],"wp:featuredmedia":[{"embeddable":true,"href":"https:\/\/hokaservice.be\/fr\/wp-json\/wp\/v2\/media\/3017"}],"wp:attachment":[{"href":"https:\/\/hokaservice.be\/fr\/wp-json\/wp\/v2\/media?parent=5580"}],"wp:term":[{"taxonomy":"uitgelichte_assortimenten","embeddable":true,"href":"https:\/\/hokaservice.be\/fr\/wp-json\/wp\/v2\/uitgelichte_assortimenten?post=5580"},{"taxonomy":"product_brand","embeddable":true,"href":"https:\/\/hokaservice.be\/fr\/wp-json\/wp\/v2\/product_brand?post=5580"},{"taxonomy":"product_cat","embeddable":true,"href":"https:\/\/hokaservice.be\/fr\/wp-json\/wp\/v2\/product_cat?post=5580"},{"taxonomy":"product_tag","embeddable":true,"href":"https:\/\/hokaservice.be\/fr\/wp-json\/wp\/v2\/product_tag?post=5580"}],"curies":[{"name":"wp","href":"https:\/\/api.w.org\/{rel}","templated":true}]}}