{"id":5579,"date":"2024-03-12T20:17:38","date_gmt":"2024-03-12T19:17:38","guid":{"rendered":"https:\/\/hokaservice.be\/product\/mozaiek-bol-medium\/"},"modified":"2026-03-20T09:38:05","modified_gmt":"2026-03-20T08:38:05","slug":"mosaique-sphere-moyen","status":"publish","type":"product","link":"https:\/\/hokaservice.be\/fr\/product\/mozaiek-bol-medium\/","title":{"rendered":"MOZA\u00cfQUE BOL"},"content":{"rendered":"<p>R\u00e9alis\u00e9 \u00e0 la main par l'artiste Dominique Vermander \u00e0 l'aide de tesselles de mosa\u00efque.<\/p>\n<p>Dimensions : \u00d8 16 cm<\/p>\n<p>Jusqu'\u00e0 25kg<\/p>\n<p>&nbsp;<\/p>","protected":false},"excerpt":{"rendered":"<p>Handgemaakt door kunstenares Dominique Vermander met moza\u00efek steentjes. Afmetingen: \u00d8 16cm Tot\u00a025 kg &nbsp;<\/p>","protected":false},"featured_media":3015,"template":"","meta":{"_acf_changed":false},"uitgelichte_assortimenten":[],"product_brand":[],"product_cat":[50,53,51,57],"product_tag":[],"class_list":{"0":"post-5579","1":"product","2":"type-product","3":"status-publish","4":"has-post-thumbnail","6":"product_cat-huisdieren","7":"product_cat-huisdieren-luxeurnen","8":"product_cat-paarden","9":"product_cat-paarden-urnen","11":"first","12":"instock","13":"taxable","14":"shipping-taxable","15":"purchasable","16":"product-type-simple"},"acf":[],"_links":{"self":[{"href":"https:\/\/hokaservice.be\/fr\/wp-json\/wp\/v2\/product\/5579","targetHints":{"allow":["GET"]}}],"collection":[{"href":"https:\/\/hokaservice.be\/fr\/wp-json\/wp\/v2\/product"}],"about":[{"href":"https:\/\/hokaservice.be\/fr\/wp-json\/wp\/v2\/types\/product"}],"wp:featuredmedia":[{"embeddable":true,"href":"https:\/\/hokaservice.be\/fr\/wp-json\/wp\/v2\/media\/3015"}],"wp:attachment":[{"href":"https:\/\/hokaservice.be\/fr\/wp-json\/wp\/v2\/media?parent=5579"}],"wp:term":[{"taxonomy":"uitgelichte_assortimenten","embeddable":true,"href":"https:\/\/hokaservice.be\/fr\/wp-json\/wp\/v2\/uitgelichte_assortimenten?post=5579"},{"taxonomy":"product_brand","embeddable":true,"href":"https:\/\/hokaservice.be\/fr\/wp-json\/wp\/v2\/product_brand?post=5579"},{"taxonomy":"product_cat","embeddable":true,"href":"https:\/\/hokaservice.be\/fr\/wp-json\/wp\/v2\/product_cat?post=5579"},{"taxonomy":"product_tag","embeddable":true,"href":"https:\/\/hokaservice.be\/fr\/wp-json\/wp\/v2\/product_tag?post=5579"}],"curies":[{"name":"wp","href":"https:\/\/api.w.org\/{rel}","templated":true}]}}