{"id":5558,"date":"2024-03-13T10:49:41","date_gmt":"2024-03-13T09:49:41","guid":{"rendered":"https:\/\/hokaservice.be\/product\/asvaas-hout-zwart-met-zilveren-patine\/"},"modified":"2025-03-07T16:19:43","modified_gmt":"2025-03-07T15:19:43","slug":"frene-vase-bois-noir-avec-patine-argentee","status":"publish","type":"product","link":"https:\/\/hokaservice.be\/fr\/product\/asvaas-hout-zwart-met-zilveren-patine\/","title":{"rendered":"VASE EN FRENE - bois - noir - avec patine"},"content":{"rendered":"<p>Urne en ch\u00eane massif faite \u00e0 la main avec une diff\u00e9rence naturelle de texture<\/p>\n<p>Contenu: 3,5l<\/p>\n<p>Dimensions : H 22 cm x diam\u00e8tre 18 cm<\/p>\n<p>Disponible dans les couleurs suivantes sur commande :<\/p>\n<p>- Blanc avec patine dor\u00e9e<\/p>\n<p>- Naturel<\/p>\n<p>- brun fonc\u00e9<\/p>\n<p>- Noir avec patine argent\u00e9e<\/p>\n<p><strong>Uniquement disponible sur demande<\/strong><\/p>","protected":false},"excerpt":{"rendered":"<p>Massief, handgemaakte eiken urne met een natuurlijk verschil in textuur Inhoud: 3,5l Afmetingen: H 22cm x diameter 18 cm Beschikbaar in de volgende kleuren op bestelling: &#8211; Wit met gouden patine &#8211; Naturel &#8211; Donkerbruin &#8211;\u00a0Zwart met zilver patine Enkel verkrijgbaar op aanvraag<\/p>","protected":false},"featured_media":3063,"template":"","meta":{"_acf_changed":false},"uitgelichte_assortimenten":[],"product_brand":[],"product_cat":[51,57],"product_tag":[],"class_list":{"0":"post-5558","1":"product","2":"type-product","3":"status-publish","4":"has-post-thumbnail","6":"product_cat-paarden","7":"product_cat-paarden-urnen","9":"first","10":"instock","11":"taxable","12":"shipping-taxable","13":"purchasable","14":"product-type-simple"},"acf":[],"_links":{"self":[{"href":"https:\/\/hokaservice.be\/fr\/wp-json\/wp\/v2\/product\/5558","targetHints":{"allow":["GET"]}}],"collection":[{"href":"https:\/\/hokaservice.be\/fr\/wp-json\/wp\/v2\/product"}],"about":[{"href":"https:\/\/hokaservice.be\/fr\/wp-json\/wp\/v2\/types\/product"}],"wp:featuredmedia":[{"embeddable":true,"href":"https:\/\/hokaservice.be\/fr\/wp-json\/wp\/v2\/media\/3063"}],"wp:attachment":[{"href":"https:\/\/hokaservice.be\/fr\/wp-json\/wp\/v2\/media?parent=5558"}],"wp:term":[{"taxonomy":"uitgelichte_assortimenten","embeddable":true,"href":"https:\/\/hokaservice.be\/fr\/wp-json\/wp\/v2\/uitgelichte_assortimenten?post=5558"},{"taxonomy":"product_brand","embeddable":true,"href":"https:\/\/hokaservice.be\/fr\/wp-json\/wp\/v2\/product_brand?post=5558"},{"taxonomy":"product_cat","embeddable":true,"href":"https:\/\/hokaservice.be\/fr\/wp-json\/wp\/v2\/product_cat?post=5558"},{"taxonomy":"product_tag","embeddable":true,"href":"https:\/\/hokaservice.be\/fr\/wp-json\/wp\/v2\/product_tag?post=5558"}],"curies":[{"name":"wp","href":"https:\/\/api.w.org\/{rel}","templated":true}]}}