{"id":5540,"date":"2024-03-13T16:21:17","date_gmt":"2024-03-13T15:21:17","guid":{"rendered":"https:\/\/hokaservice.be\/product\/asmand-riet-45l\/"},"modified":"2025-04-03T12:24:12","modified_gmt":"2025-04-03T10:24:12","slug":"asmand-rite-45l","status":"publish","type":"product","link":"https:\/\/hokaservice.be\/fr\/product\/asmand-riet-45l\/","title":{"rendered":"PANIER A CENDRES EN OSIER- 4.5l ; 9l ; 16.5l ; 25l"},"content":{"rendered":"<p>Ce coffre est tress\u00e9 \u00e0 la main \u00e0 partir de saule et poss\u00e8de un couvercle \u00e0 charni\u00e8re avec une fermeture \u00e0 genouill\u00e8re. Il est doubl\u00e9 de coton et dot\u00e9 d'un cordon de serrage int\u00e9gr\u00e9 au coffre.<\/p>\n<p>Les caisses sont disponibles en 4 tailles sur commande et sont de forme carr\u00e9e.<\/p>\n<p>Mat\u00e9riau : bois de saule tiss\u00e9 \u00e0 la main<\/p>\n<p>Couleur: Naturel<\/p>\n<p><strong>Tailles disponibles :<\/strong><\/p>\n<p>Contenu:\u00a0<strong>4,5l<\/strong>\u00a0\u2013 Dimensions : 21 x 21 x 20 cm \u2013 Prix :\u00a0<strong>\u20ac85<\/strong><\/p>\n<p>Contenu:<strong>\u00a09l<\/strong>\u00a0\u2013 Dimensions : 28 x 28 x 26 cm \u2013 Prix :\u00a0<strong>\u20ac105<\/strong><\/p>\n<p>Contenu:\u00a0<strong>16.5l<\/strong>\u00a0\u2013 Dimensions : 32 x 32 x 36 cm \u2013 Prix :\u00a0<strong>\u20ac150<\/strong><\/p>\n<p>Contenu:\u00a0<strong>25l<\/strong>\u00a0\u2013 Dimensions : 38 x 38 x 36 cm \u2013 Prix :\u00a0<strong>\u20ac175<\/strong><\/p>\n<p><strong>Uniquement disponible sur demande<\/strong><\/p>","protected":false},"excerpt":{"rendered":"<p>Deze kist is handgeweven van wilgenhout en heeft een scharnierend deksel met een knevelsluiting. Er zit een katoenen voering met trekkoord ge\u00efntegreerd in de kist. De kisten zijn in 4 maten verkrijgbaar op bestelling en zijn vierkant van model. Materiaal: Handgeweven wilgenhout Kleur: Naturel Beschikbare afmetingen: Inhoud:\u00a04,5l\u00a0&#8211; Afmetingen: 21 x 21 x 20cm &#8211; Prijs:\u00a0\u20ac85 [&hellip;]<\/p>\n","protected":false},"featured_media":3082,"template":"","meta":{"_acf_changed":false},"uitgelichte_assortimenten":[],"product_brand":[],"product_cat":[51,57],"product_tag":[],"class_list":{"0":"post-5540","1":"product","2":"type-product","3":"status-publish","4":"has-post-thumbnail","6":"product_cat-paarden","7":"product_cat-paarden-urnen","9":"first","10":"instock","11":"taxable","12":"shipping-taxable","13":"purchasable","14":"product-type-variable","15":"has-default-attributes"},"acf":[],"_links":{"self":[{"href":"https:\/\/hokaservice.be\/fr\/wp-json\/wp\/v2\/product\/5540","targetHints":{"allow":["GET"]}}],"collection":[{"href":"https:\/\/hokaservice.be\/fr\/wp-json\/wp\/v2\/product"}],"about":[{"href":"https:\/\/hokaservice.be\/fr\/wp-json\/wp\/v2\/types\/product"}],"wp:featuredmedia":[{"embeddable":true,"href":"https:\/\/hokaservice.be\/fr\/wp-json\/wp\/v2\/media\/3082"}],"wp:attachment":[{"href":"https:\/\/hokaservice.be\/fr\/wp-json\/wp\/v2\/media?parent=5540"}],"wp:term":[{"taxonomy":"uitgelichte_assortimenten","embeddable":true,"href":"https:\/\/hokaservice.be\/fr\/wp-json\/wp\/v2\/uitgelichte_assortimenten?post=5540"},{"taxonomy":"product_brand","embeddable":true,"href":"https:\/\/hokaservice.be\/fr\/wp-json\/wp\/v2\/product_brand?post=5540"},{"taxonomy":"product_cat","embeddable":true,"href":"https:\/\/hokaservice.be\/fr\/wp-json\/wp\/v2\/product_cat?post=5540"},{"taxonomy":"product_tag","embeddable":true,"href":"https:\/\/hokaservice.be\/fr\/wp-json\/wp\/v2\/product_tag?post=5540"}],"curies":[{"name":"wp","href":"https:\/\/api.w.org\/{rel}","templated":true}]}}