{"id":4852,"date":"2024-01-01T00:00:07","date_gmt":"2023-12-31T23:00:07","guid":{"rendered":"https:\/\/hokaservice.be\/?post_type=product&#038;p=4852"},"modified":"2024-06-27T20:34:04","modified_gmt":"2024-06-27T18:34:04","slug":"transport","status":"publish","type":"product","link":"https:\/\/hokaservice.be\/fr\/product\/transport\/","title":{"rendered":"Transport"},"content":{"rendered":"<p>Ce produit couvre les frais de transport de votre animal. Notre service veille \u00e0 ce que votre animal soit recueilli et transport\u00e9 \u00e0 l'endroit convenu dans le respect et la s\u00e9curit\u00e9.<\/p>","protected":false},"excerpt":{"rendered":"<p>Ce produit couvre les frais de transport de votre animal. Notre service veille \u00e0 ce que votre animal soit recueilli et transport\u00e9 \u00e0 l'endroit convenu dans le respect et la s\u00e9curit\u00e9.<\/p>","protected":false},"featured_media":0,"template":"","meta":{"_acf_changed":false},"uitgelichte_assortimenten":[],"product_brand":[],"product_cat":[50],"product_tag":[],"class_list":{"0":"post-4852","1":"product","2":"type-product","3":"status-publish","5":"product_cat-huisdieren","7":"first","8":"instock","9":"virtual","10":"taxable","11":"product-type-simple"},"acf":[],"_links":{"self":[{"href":"https:\/\/hokaservice.be\/fr\/wp-json\/wp\/v2\/product\/4852","targetHints":{"allow":["GET"]}}],"collection":[{"href":"https:\/\/hokaservice.be\/fr\/wp-json\/wp\/v2\/product"}],"about":[{"href":"https:\/\/hokaservice.be\/fr\/wp-json\/wp\/v2\/types\/product"}],"wp:attachment":[{"href":"https:\/\/hokaservice.be\/fr\/wp-json\/wp\/v2\/media?parent=4852"}],"wp:term":[{"taxonomy":"uitgelichte_assortimenten","embeddable":true,"href":"https:\/\/hokaservice.be\/fr\/wp-json\/wp\/v2\/uitgelichte_assortimenten?post=4852"},{"taxonomy":"product_brand","embeddable":true,"href":"https:\/\/hokaservice.be\/fr\/wp-json\/wp\/v2\/product_brand?post=4852"},{"taxonomy":"product_cat","embeddable":true,"href":"https:\/\/hokaservice.be\/fr\/wp-json\/wp\/v2\/product_cat?post=4852"},{"taxonomy":"product_tag","embeddable":true,"href":"https:\/\/hokaservice.be\/fr\/wp-json\/wp\/v2\/product_tag?post=4852"}],"curies":[{"name":"wp","href":"https:\/\/api.w.org\/{rel}","templated":true}]}}