{"id":4546,"date":"2024-06-05T15:37:51","date_gmt":"2024-06-05T13:37:51","guid":{"rendered":"https:\/\/hokaservice.be\/?page_id=4546"},"modified":"2026-01-13T15:07:06","modified_gmt":"2026-01-13T14:07:06","slug":"declaration-en-ligne","status":"publish","type":"page","link":"https:\/\/hokaservice.be\/fr\/online-aangifte\/","title":{"rendered":"D\u00e9claration en ligne"},"content":{"rendered":"<div data-elementor-type=\"wp-page\" data-elementor-id=\"4546\" class=\"elementor elementor-4546\" data-elementor-post-type=\"page\">\n\t\t\t\t\t\t<section data-dce-background-image-url=\"https:\/\/hokaservice.be\/wp-content\/uploads\/2023\/03\/main-image.png\" class=\"elementor-section elementor-top-section elementor-element elementor-element-2d3f4a7 elementor-section-boxed elementor-section-height-default elementor-section-height-default\" data-id=\"2d3f4a7\" data-element_type=\"section\" data-e-type=\"section\" data-settings=\"{&quot;background_background&quot;:&quot;classic&quot;}\">\n\t\t\t\t\t\t\t<div class=\"elementor-background-overlay\"><\/div>\n\t\t\t\t\t\t\t<div class=\"elementor-container elementor-column-gap-default\">\n\t\t\t\t\t<div class=\"elementor-column elementor-col-100 elementor-top-column elementor-element elementor-element-d9e892f\" data-id=\"d9e892f\" data-element_type=\"column\" data-e-type=\"column\">\n\t\t\t<div class=\"elementor-widget-wrap elementor-element-populated\">\n\t\t\t\t\t\t<div data-dce-title-color=\"#1C1C1D\" class=\"elementor-element elementor-element-05704ea elementor-hidden-desktop elementor-hidden-tablet elementor-hidden-mobile elementor-widget elementor-widget-heading\" data-id=\"05704ea\" data-element_type=\"widget\" data-e-type=\"widget\" data-widget_type=\"heading.default\">\n\t\t\t\t<div class=\"elementor-widget-container\">\n\t\t\t\t\t<h2 class=\"elementor-heading-title elementor-size-default\">Service Hoka<br>\nD\u00e9claration en ligne pour les v\u00e9t\u00e9rinaires<\/h2>\t\t\t\t<\/div>\n\t\t\t\t<\/div>\n\t\t\t\t<div class=\"elementor-element elementor-element-50d7c89 elementor-hidden-desktop elementor-hidden-tablet elementor-hidden-mobile elementor-widget elementor-widget-text-editor\" data-id=\"50d7c89\" data-element_type=\"widget\" data-e-type=\"widget\" data-widget_type=\"text-editor.default\">\n\t\t\t\t<div class=\"elementor-widget-container\">\n\t\t\t\t\t\t\t\t\t<p>Contacteer ons vrijblijvend voor meer info, opmerkingen of een samenwerking met Hokaservice.\u00a0<br \/>Via onderstaande buttons kun je een online aangifte doen of je aanmelden als dierenarts op ons platform.<\/p>\t\t\t\t\t\t\t\t<\/div>\n\t\t\t\t<\/div>\n\t\t\t\t<div data-dce-background-color=\"#FFFFFF00\" class=\"elementor-element elementor-element-7f8f742 elementor-widget__width-auto elementor-hidden-desktop elementor-hidden-tablet elementor-hidden-mobile elementor-widget elementor-widget-button\" data-id=\"7f8f742\" data-element_type=\"widget\" data-e-type=\"widget\" data-widget_type=\"button.default\">\n\t\t\t\t<div class=\"elementor-widget-container\">\n\t\t\t\t\t\t\t\t\t<div class=\"elementor-button-wrapper\">\n\t\t\t\t\t<a class=\"elementor-button elementor-button-link elementor-size-sm\" href=\"https:\/\/hokaservice.ubicum.be\/frontend\/web\/\" target=\"_blank\" rel=\"noopener\">\n\t\t\t\t\t\t<span class=\"elementor-button-content-wrapper\">\n\t\t\t\t\t\t\t\t\t<span class=\"elementor-button-text\">D\u00e9claration en ligne<\/span>\n\t\t\t\t\t<\/span>\n\t\t\t\t\t<\/a>\n\t\t\t\t<\/div>\n\t\t\t\t\t\t\t\t<\/div>\n\t\t\t\t<\/div>\n\t\t\t\t<div data-dce-background-color=\"#672C3C\" class=\"elementor-element elementor-element-bb4bcf7 elementor-widget__width-auto elementor-hidden-desktop elementor-hidden-tablet elementor-hidden-mobile elementor-widget elementor-widget-button\" data-id=\"bb4bcf7\" data-element_type=\"widget\" data-e-type=\"widget\" data-widget_type=\"button.default\">\n\t\t\t\t<div class=\"elementor-widget-container\">\n\t\t\t\t\t\t\t\t\t<div class=\"elementor-button-wrapper\">\n\t\t\t\t\t<a class=\"elementor-button elementor-button-link elementor-size-sm\" href=\"https:\/\/hokaservice.ubicum.be\/frontend\/web\/index.php?r=site%2Flogin\" target=\"_blank\" rel=\"noopener\">\n\t\t\t\t\t\t<span class=\"elementor-button-content-wrapper\">\n\t\t\t\t\t\t\t\t\t<span class=\"elementor-button-text\">Aanmelding dierenarts<\/span>\n\t\t\t\t\t<\/span>\n\t\t\t\t\t<\/a>\n\t\t\t\t<\/div>\n\t\t\t\t\t\t\t\t<\/div>\n\t\t\t\t<\/div>\n\t\t\t\t<div data-dce-title-color=\"#1C1C1D\" class=\"elementor-element elementor-element-871dd22 elementor-widget elementor-widget-heading\" data-id=\"871dd22\" data-element_type=\"widget\" data-e-type=\"widget\" data-widget_type=\"heading.default\">\n\t\t\t\t<div class=\"elementor-widget-container\">\n\t\t\t\t\t<h2 class=\"elementor-heading-title elementor-size-default\">Demande d'enl\u00e8vement pour cr\u00e9mation individuelle - quelques explications sur notre outil de d\u00e9claration en ligne et notre fonctionnement<\/h2>\t\t\t\t<\/div>\n\t\t\t\t<\/div>\n\t\t\t\t<div class=\"elementor-element elementor-element-35f826c elementor-widget elementor-widget-text-editor\" data-id=\"35f826c\" data-element_type=\"widget\" data-e-type=\"widget\" data-widget_type=\"text-editor.default\">\n\t\t\t\t<div class=\"elementor-widget-container\">\n\t\t\t\t\t\t\t\t\t<p><span data-olk-copy-source=\"MessageBody\">Si vous souhaitez demander l'enl\u00e8vement d'un animal domestique \u00e0 votre cabinet pour une cr\u00e9mation individuelle, vous pouvez nous contacter par t\u00e9l\u00e9phone ou faire une d\u00e9claration en ligne en cliquant sur le bouton ci-dessous.<\/span><\/p><p>Nous recevons automatiquement une notification de la d\u00e9claration en ligne.<\/p>\t\t\t\t\t\t\t\t<\/div>\n\t\t\t\t<\/div>\n\t\t\t\t<div data-dce-title-color=\"#1C1C1D\" class=\"elementor-element elementor-element-e65c18e elementor-widget elementor-widget-accordion\" data-id=\"e65c18e\" data-element_type=\"widget\" data-e-type=\"widget\" data-widget_type=\"accordion.default\">\n\t\t\t\t<div class=\"elementor-widget-container\">\n\t\t\t\t\t\t\t<div class=\"elementor-accordion\">\n\t\t\t\t\t\t\t<div class=\"elementor-accordion-item\">\n\t\t\t\t\t<div id=\"elementor-tab-title-2411\" class=\"elementor-tab-title\" data-tab=\"1\" role=\"button\" aria-controls=\"elementor-tab-content-2411\" aria-expanded=\"false\">\n\t\t\t\t\t\t\t\t\t\t\t\t\t<span class=\"elementor-accordion-icon elementor-accordion-icon-left\" aria-hidden=\"true\">\n\t\t\t\t\t\t\t\t\t\t\t\t\t\t\t<span class=\"elementor-accordion-icon-closed\"><i class=\"fas fa-plus\"><\/i><\/span>\n\t\t\t\t\t\t\t\t<span class=\"elementor-accordion-icon-opened\"><i class=\"fas fa-minus\"><\/i><\/span>\n\t\t\t\t\t\t\t\t\t\t\t\t\t\t<\/span>\n\t\t\t\t\t\t\t\t\t\t\t\t<a class=\"elementor-accordion-title\" tabindex=\"0\">Quand aura lieu la collecte ?<\/a>\n\t\t\t\t\t<\/div>\n\t\t\t\t\t<div id=\"elementor-tab-content-2411\" class=\"elementor-tab-content elementor-clearfix\" data-tab=\"1\" role=\"region\" aria-labelledby=\"elementor-tab-title-2411\"><p><span data-olk-copy-source=\"MessageBody\">Si vous faites la demande pendant la semaine, nous planifions l'enl\u00e8vement le jour m\u00eame si possible. Si cela n'est plus possible, l'enl\u00e8vement aura lieu le jour ouvrable suivant. Pour les demandes faites pendant le week-end, l'enl\u00e8vement est toujours pr\u00e9vu le lundi, car aucun enl\u00e8vement n'est possible pendant le week-end. Veuillez toujours vous assurer que l'animal est pr\u00eat dans un endroit accessible (m\u00eame en cas d'absence\/fermeture du cabinet) et qu'il est clair quel animal nous pouvons emmener.\u00a0<\/span><\/p><\/div>\n\t\t\t\t<\/div>\n\t\t\t\t\t\t\t<div class=\"elementor-accordion-item\">\n\t\t\t\t\t<div id=\"elementor-tab-title-2412\" class=\"elementor-tab-title\" data-tab=\"2\" role=\"button\" aria-controls=\"elementor-tab-content-2412\" aria-expanded=\"false\">\n\t\t\t\t\t\t\t\t\t\t\t\t\t<span class=\"elementor-accordion-icon elementor-accordion-icon-left\" aria-hidden=\"true\">\n\t\t\t\t\t\t\t\t\t\t\t\t\t\t\t<span class=\"elementor-accordion-icon-closed\"><i class=\"fas fa-plus\"><\/i><\/span>\n\t\t\t\t\t\t\t\t<span class=\"elementor-accordion-icon-opened\"><i class=\"fas fa-minus\"><\/i><\/span>\n\t\t\t\t\t\t\t\t\t\t\t\t\t\t<\/span>\n\t\t\t\t\t\t\t\t\t\t\t\t<a class=\"elementor-accordion-title\" tabindex=\"0\">Quand nous contacter par t\u00e9l\u00e9phone ?<\/a>\n\t\t\t\t\t<\/div>\n\t\t\t\t\t<div id=\"elementor-tab-content-2412\" class=\"elementor-tab-content elementor-clearfix\" data-tab=\"2\" role=\"region\" aria-labelledby=\"elementor-tab-title-2412\"><p><span data-olk-copy-source=\"MessageBody\">Si vous avez des questions concernant le remplissage de la d\u00e9claration, des incertitudes, si l'enl\u00e8vement doit avoir lieu au domicile de votre client ou \u00e0 une date pr\u00e9cise, si nous ne sommes pas pass\u00e9s alors que vous aviez introduit une d\u00e9claration en ligne ou si vous pr\u00e9f\u00e9rez utiliser nos formulaires de d\u00e9claration papier et demander un enl\u00e8vement.<\/span><\/p><\/div>\n\t\t\t\t<\/div>\n\t\t\t\t\t\t\t<div class=\"elementor-accordion-item\">\n\t\t\t\t\t<div id=\"elementor-tab-title-2413\" class=\"elementor-tab-title\" data-tab=\"3\" role=\"button\" aria-controls=\"elementor-tab-content-2413\" aria-expanded=\"false\">\n\t\t\t\t\t\t\t\t\t\t\t\t\t<span class=\"elementor-accordion-icon elementor-accordion-icon-left\" aria-hidden=\"true\">\n\t\t\t\t\t\t\t\t\t\t\t\t\t\t\t<span class=\"elementor-accordion-icon-closed\"><i class=\"fas fa-plus\"><\/i><\/span>\n\t\t\t\t\t\t\t\t<span class=\"elementor-accordion-icon-opened\"><i class=\"fas fa-minus\"><\/i><\/span>\n\t\t\t\t\t\t\t\t\t\t\t\t\t\t<\/span>\n\t\t\t\t\t\t\t\t\t\t\t\t<a class=\"elementor-accordion-title\" tabindex=\"0\"> Remplir la d\u00e9claration<\/a>\n\t\t\t\t\t<\/div>\n\t\t\t\t\t<div id=\"elementor-tab-content-2413\" class=\"elementor-tab-content elementor-clearfix\" data-tab=\"3\" role=\"region\" aria-labelledby=\"elementor-tab-title-2413\"><p><span data-olk-copy-source=\"MessageBody\">Nous vous prions de bien vouloir remplir les informations relatives au propri\u00e9taire et \u00e0 l'animal concern\u00e9 de mani\u00e8re aussi compl\u00e8te et correcte que possible et de mentionner toute particularit\u00e9 dans les commentaires. Par exemple, les objets personnels que le client souhaite r\u00e9cup\u00e9rer, la leptospirose ou d'autres maladies qui pr\u00e9sentent un risque pour nous, etc.<\/span><\/p><\/div>\n\t\t\t\t<\/div>\n\t\t\t\t\t\t\t<div class=\"elementor-accordion-item\">\n\t\t\t\t\t<div id=\"elementor-tab-title-2414\" class=\"elementor-tab-title\" data-tab=\"4\" role=\"button\" aria-controls=\"elementor-tab-content-2414\" aria-expanded=\"false\">\n\t\t\t\t\t\t\t\t\t\t\t\t\t<span class=\"elementor-accordion-icon elementor-accordion-icon-left\" aria-hidden=\"true\">\n\t\t\t\t\t\t\t\t\t\t\t\t\t\t\t<span class=\"elementor-accordion-icon-closed\"><i class=\"fas fa-plus\"><\/i><\/span>\n\t\t\t\t\t\t\t\t<span class=\"elementor-accordion-icon-opened\"><i class=\"fas fa-minus\"><\/i><\/span>\n\t\t\t\t\t\t\t\t\t\t\t\t\t\t<\/span>\n\t\t\t\t\t\t\t\t\t\t\t\t<a class=\"elementor-accordion-title\" tabindex=\"0\"> Imprimer la d\u00e9claration<\/a>\n\t\t\t\t\t<\/div>\n\t\t\t\t\t<div id=\"elementor-tab-content-2414\" class=\"elementor-tab-content elementor-clearfix\" data-tab=\"4\" role=\"region\" aria-labelledby=\"elementor-tab-title-2414\"><p><span data-olk-copy-source=\"MessageBody\">Si possible, faire signer par le client et remettre au chauffeur : veuillez toujours joindre une copie (imprim\u00e9e) de la d\u00e9claration (en ligne) \u00e0 l'animal \u00e0 r\u00e9cup\u00e9rer ou la remettre \u00e0 notre chauffeur, car il s'agit \u00e9galement du document de transport.\u00a0<\/span><\/p><\/div>\n\t\t\t\t<\/div>\n\t\t\t\t\t\t\t\t<\/div>\n\t\t\t\t\t\t<\/div>\n\t\t\t\t<\/div>\n\t\t\t\t<div class=\"elementor-element elementor-element-b76736f elementor-widget elementor-widget-text-editor\" data-id=\"b76736f\" data-element_type=\"widget\" data-e-type=\"widget\" data-widget_type=\"text-editor.default\">\n\t\t\t\t<div class=\"elementor-widget-container\">\n\t\t\t\t\t\t\t\t\t<p><span data-olk-copy-source=\"MessageBody\">Apr\u00e8s r\u00e9ception de la d\u00e9claration en ligne ou une fois que l'animal nous a \u00e9t\u00e9 confi\u00e9, nous appelons toujours notre client (le propri\u00e9taire) pour le rassurer quant \u00e0 l'arriv\u00e9e de son animal chez nous et pour passer en revue tous les d\u00e9tails avec lui, une fois les \u00e9motions retomb\u00e9es, afin que la cr\u00e9mation se d\u00e9roule conform\u00e9ment \u00e0 ses souhaits et qu'il sache \u00e0 quoi s'attendre. Nous essayons toujours de le faire le plus rapidement possible, mais cela peut parfois prendre un peu plus de temps, par exemple si un week-end s'intercale ou pendant les p\u00e9riodes de forte activit\u00e9.\u00a0<\/span><\/p><p>Si, \u00e0 la demande expresse de votre client, nous ne sommes plus autoris\u00e9s \u00e0 l'appeler parce que cela est trop \u00e9motionnel, par exemple, nous vous demandons de le mentionner clairement dans la d\u00e9claration et de remplir celle-ci dans son int\u00e9gralit\u00e9. Les urnes\/souvenirs seront renvoy\u00e9s au cabinet apr\u00e8s paiement de la facture. Pour cela, nous avons donc besoin d'une adresse e-mail valide.\u00a0<\/p>\t\t\t\t\t\t\t\t<\/div>\n\t\t\t\t<\/div>\n\t\t\t\t<div class=\"elementor-element elementor-element-0b4d8f3 elementor-widget elementor-widget-text-editor\" data-id=\"0b4d8f3\" data-element_type=\"widget\" data-e-type=\"widget\" data-widget_type=\"text-editor.default\">\n\t\t\t\t<div class=\"elementor-widget-container\">\n\t\t\t\t\t\t\t\t\t<p><span data-olk-copy-source=\"MessageBody\">Nous essayons toujours de r\u00e9duire au maximum le d\u00e9lai entre l'enl\u00e8vement, la cr\u00e9mation et la restitution des cendres, mais comme cela d\u00e9pend de diff\u00e9rents facteurs, nous vous demandons de ne pas faire de d\u00e9clarations \u00e0 ce sujet. Lorsque nous appellerons votre client, nous l'informerons clairement \u00e0 ce sujet.<\/span><\/p>\t\t\t\t\t\t\t\t<\/div>\n\t\t\t\t<\/div>\n\t\t\t\t<div data-dce-title-color=\"#1C1C1D\" class=\"elementor-element elementor-element-8cd551d elementor-widget elementor-widget-heading\" data-id=\"8cd551d\" data-element_type=\"widget\" data-e-type=\"widget\" data-widget_type=\"heading.default\">\n\t\t\t\t<div class=\"elementor-widget-container\">\n\t\t\t\t\t<h2 class=\"elementor-heading-title elementor-size-default\">Demande de collaboration - informations sans engagement sur notre fonctionnement<\/h2>\t\t\t\t<\/div>\n\t\t\t\t<\/div>\n\t\t\t\t<div class=\"elementor-element elementor-element-19bf35c elementor-widget elementor-widget-text-editor\" data-id=\"19bf35c\" data-element_type=\"widget\" data-e-type=\"widget\" data-widget_type=\"text-editor.default\">\n\t\t\t\t<div class=\"elementor-widget-container\">\n\t\t\t\t\t\t\t\t\t<p><span data-olk-copy-source=\"MessageBody\">Si vous souhaitez collaborer avec nous ou si vous avez des questions concernant notre fonctionnement, n'h\u00e9sitez pas \u00e0 nous contacter.\u00a0<\/span><\/p>\t\t\t\t\t\t\t\t<\/div>\n\t\t\t\t<\/div>\n\t\t\t\t<div data-dce-background-color=\"#FFFFFF00\" class=\"elementor-element elementor-element-993b4c0 elementor-widget__width-auto elementor-widget elementor-widget-button\" data-id=\"993b4c0\" data-element_type=\"widget\" data-e-type=\"widget\" data-widget_type=\"button.default\">\n\t\t\t\t<div class=\"elementor-widget-container\">\n\t\t\t\t\t\t\t\t\t<div class=\"elementor-button-wrapper\">\n\t\t\t\t\t<a class=\"elementor-button elementor-button-link elementor-size-sm\" href=\"https:\/\/hokaservice.ubicum.be\/frontend\/web\/\" target=\"_blank\" rel=\"noopener\">\n\t\t\t\t\t\t<span class=\"elementor-button-content-wrapper\">\n\t\t\t\t\t\t\t\t\t<span class=\"elementor-button-text\">D\u00e9claration en ligne<\/span>\n\t\t\t\t\t<\/span>\n\t\t\t\t\t<\/a>\n\t\t\t\t<\/div>\n\t\t\t\t\t\t\t\t<\/div>\n\t\t\t\t<\/div>\n\t\t\t\t<div data-dce-background-color=\"#672C3C\" class=\"elementor-element elementor-element-ad3e22b elementor-widget__width-auto elementor-widget elementor-widget-button\" data-id=\"ad3e22b\" data-element_type=\"widget\" data-e-type=\"widget\" data-widget_type=\"button.default\">\n\t\t\t\t<div class=\"elementor-widget-container\">\n\t\t\t\t\t\t\t\t\t<div class=\"elementor-button-wrapper\">\n\t\t\t\t\t<a class=\"elementor-button elementor-button-link elementor-size-sm\" href=\"https:\/\/hokaservice.be\/fr\/contact\/\">\n\t\t\t\t\t\t<span class=\"elementor-button-content-wrapper\">\n\t\t\t\t\t\t\t\t\t<span class=\"elementor-button-text\">Contactez-nous<\/span>\n\t\t\t\t\t<\/span>\n\t\t\t\t\t<\/a>\n\t\t\t\t<\/div>\n\t\t\t\t\t\t\t\t<\/div>\n\t\t\t\t<\/div>\n\t\t\t\t\t<\/div>\n\t\t<\/div>\n\t\t\t\t\t<\/div>\n\t\t<\/section>\n\t\t\t\t<\/div>","protected":false},"excerpt":{"rendered":"<p>Hokaservice Online aangifte voor dierenartsen Contacteer ons vrijblijvend voor meer info, opmerkingen of een samenwerking met Hokaservice.\u00a0Via onderstaande buttons kun je een online aangifte doen of je aanmelden als dierenarts op ons platform. Online aangifte Aanmelding dierenarts Aanvraag van een ophaling voor individuele crematie &#8211; woordje uitleg bij onze online aangifte tool en onze werking [&hellip;]<\/p>\n","protected":false},"author":3,"featured_media":0,"parent":0,"menu_order":9,"comment_status":"closed","ping_status":"closed","template":"elementor_header_footer","meta":{"_acf_changed":false,"footnotes":""},"class_list":["post-4546","page","type-page","status-publish","hentry"],"acf":[],"_links":{"self":[{"href":"https:\/\/hokaservice.be\/fr\/wp-json\/wp\/v2\/pages\/4546","targetHints":{"allow":["GET"]}}],"collection":[{"href":"https:\/\/hokaservice.be\/fr\/wp-json\/wp\/v2\/pages"}],"about":[{"href":"https:\/\/hokaservice.be\/fr\/wp-json\/wp\/v2\/types\/page"}],"author":[{"embeddable":true,"href":"https:\/\/hokaservice.be\/fr\/wp-json\/wp\/v2\/users\/3"}],"replies":[{"embeddable":true,"href":"https:\/\/hokaservice.be\/fr\/wp-json\/wp\/v2\/comments?post=4546"}],"version-history":[{"count":2,"href":"https:\/\/hokaservice.be\/fr\/wp-json\/wp\/v2\/pages\/4546\/revisions"}],"predecessor-version":[{"id":6766,"href":"https:\/\/hokaservice.be\/fr\/wp-json\/wp\/v2\/pages\/4546\/revisions\/6766"}],"wp:attachment":[{"href":"https:\/\/hokaservice.be\/fr\/wp-json\/wp\/v2\/media?parent=4546"}],"curies":[{"name":"wp","href":"https:\/\/api.w.org\/{rel}","templated":true}]}}