{"id":27,"date":"2023-03-07T11:41:39","date_gmt":"2023-03-07T10:41:39","guid":{"rendered":"https:\/\/hokaservice.be\/?page_id=27"},"modified":"2026-01-30T17:31:34","modified_gmt":"2026-01-30T16:31:34","slug":"notre-equipe","status":"publish","type":"page","link":"https:\/\/hokaservice.be\/fr\/over\/","title":{"rendered":"Notre \u00e9quipe"},"content":{"rendered":"<div data-elementor-type=\"wp-page\" data-elementor-id=\"27\" class=\"elementor elementor-27\" data-elementor-post-type=\"page\">\n\t\t\t\t\t\t<section class=\"elementor-section elementor-top-section elementor-element elementor-element-056290c elementor-section-full_width elementor-reverse-tablet elementor-reverse-mobile elementor-section-height-default elementor-section-height-default\" data-id=\"056290c\" data-element_type=\"section\" data-e-type=\"section\" data-settings=\"{&quot;background_background&quot;:&quot;classic&quot;}\">\n\t\t\t\t\t\t<div class=\"elementor-container elementor-column-gap-default\">\n\t\t\t\t\t<div class=\"elementor-column elementor-col-50 elementor-top-column elementor-element elementor-element-87f24ed\" data-id=\"87f24ed\" data-element_type=\"column\" data-e-type=\"column\">\n\t\t\t<div class=\"elementor-widget-wrap elementor-element-populated\">\n\t\t\t\t\t\t<div data-dce-title-color=\"#1C1C1D\" class=\"elementor-element elementor-element-3c3b257 elementor-widget elementor-widget-heading\" data-id=\"3c3b257\" data-element_type=\"widget\" data-e-type=\"widget\" data-widget_type=\"heading.default\">\n\t\t\t\t<div class=\"elementor-widget-container\">\n\t\t\t\t\t<h4 class=\"elementor-heading-title elementor-size-default\">Dire adieu<br>le seul \u00e0 dire au revoir<\/h4>\t\t\t\t<\/div>\n\t\t\t\t<\/div>\n\t\t\t\t<div class=\"elementor-element elementor-element-cd87e8e elementor-widget elementor-widget-text-editor\" data-id=\"cd87e8e\" data-element_type=\"widget\" data-e-type=\"widget\" data-widget_type=\"text-editor.default\">\n\t\t\t\t<div class=\"elementor-widget-container\">\n\t\t\t\t\t\t\t\t\t<p><span style=\"font-family: var( --e-global-typography-primary-font-family ), Sans-serif; font-size: 1rem;\">Lors de notre cr\u00e9ation en 2009, nous \u00e9tions l'un des premiers en Flandre \u00e0 proposer des cr\u00e9mations individuelles d'animaux. Nous voulions <\/span><span style=\"font-family: var( --e-global-typography-primary-font-family ), Sans-serif; font-size: 1rem;\">offrir une alternative digne aux options existantes en cas de perte d'un animal, \u00e0 savoir la destruction ou l'enterrement. Notre objectif \u00e9tait de cr\u00e9er un environnement respectueux et serein o\u00f9 les gens pourraient faire leurs adieux \u00e0 un animal d\u00e9c\u00e9d\u00e9 de mani\u00e8re plus digne et conserver un souvenir tangible \u00e0 ch\u00e9rir.\u00a0<\/span><\/p>\t\t\t\t\t\t\t\t<\/div>\n\t\t\t\t<\/div>\n\t\t\t\t\t<\/div>\n\t\t<\/div>\n\t\t\t\t<div class=\"elementor-column elementor-col-50 elementor-top-column elementor-element elementor-element-957192a\" data-id=\"957192a\" data-element_type=\"column\" data-e-type=\"column\">\n\t\t\t<div class=\"elementor-widget-wrap elementor-element-populated\">\n\t\t\t\t\t\t<div class=\"elementor-element elementor-element-0b17c92 animated-slow elementor-invisible elementor-widget elementor-widget-image\" data-id=\"0b17c92\" data-element_type=\"widget\" data-e-type=\"widget\" data-settings=\"{&quot;_animation&quot;:&quot;fadeIn&quot;,&quot;_animation_delay&quot;:800}\" data-widget_type=\"image.default\">\n\t\t\t\t<div class=\"elementor-widget-container\">\n\t\t\t\t\t\t\t\t\t\t\t\t\t\t\t<img fetchpriority=\"high\" decoding=\"async\" width=\"800\" height=\"423\" src=\"https:\/\/hokaservice.be\/wp-content\/uploads\/2023\/03\/young-woman-in-wool-sweater-with-textile-backpack-2022-07-15-17-31-56-utc.png\" class=\"attachment-large size-large wp-image-1674\" alt=\"\" srcset=\"https:\/\/hokaservice.be\/wp-content\/uploads\/2023\/03\/young-woman-in-wool-sweater-with-textile-backpack-2022-07-15-17-31-56-utc.png 960w, https:\/\/hokaservice.be\/wp-content\/uploads\/2023\/03\/young-woman-in-wool-sweater-with-textile-backpack-2022-07-15-17-31-56-utc-600x318.png 600w, https:\/\/hokaservice.be\/wp-content\/uploads\/2023\/03\/young-woman-in-wool-sweater-with-textile-backpack-2022-07-15-17-31-56-utc-300x159.png 300w, https:\/\/hokaservice.be\/wp-content\/uploads\/2023\/03\/young-woman-in-wool-sweater-with-textile-backpack-2022-07-15-17-31-56-utc-768x406.png 768w, https:\/\/hokaservice.be\/wp-content\/uploads\/2023\/03\/young-woman-in-wool-sweater-with-textile-backpack-2022-07-15-17-31-56-utc-18x10.png 18w\" sizes=\"(max-width: 800px) 100vw, 800px\" \/>\t\t\t\t\t\t\t\t\t\t\t\t\t\t\t<\/div>\n\t\t\t\t<\/div>\n\t\t\t\t\t<\/div>\n\t\t<\/div>\n\t\t\t\t\t<\/div>\n\t\t<\/section>\n\t\t\t\t<section class=\"elementor-section elementor-top-section elementor-element elementor-element-2f15594 elementor-section-boxed elementor-section-height-default elementor-section-height-default\" data-id=\"2f15594\" data-element_type=\"section\" data-e-type=\"section\">\n\t\t\t\t\t\t<div class=\"elementor-container elementor-column-gap-default\">\n\t\t\t\t\t<div class=\"elementor-column elementor-col-50 elementor-top-column elementor-element elementor-element-b236905\" data-id=\"b236905\" data-element_type=\"column\" data-e-type=\"column\">\n\t\t\t<div class=\"elementor-widget-wrap elementor-element-populated\">\n\t\t\t\t\t\t<div class=\"elementor-element elementor-element-49ee339 elementor-widget elementor-widget-image\" data-id=\"49ee339\" data-element_type=\"widget\" data-e-type=\"widget\" data-widget_type=\"image.default\">\n\t\t\t\t<div class=\"elementor-widget-container\">\n\t\t\t\t\t\t\t\t\t\t\t\t<figure class=\"wp-caption\">\n\t\t\t\t\t\t\t\t\t\t<img decoding=\"async\" src=\"https:\/\/hokaservice.be\/wp-content\/uploads\/2026\/01\/Foto-viktor-en-celine-en-stella.jpg\" title=\"Foto viktor en celine en stella\" alt=\"Foto viktor en celine en stella\" loading=\"lazy\" \/>\t\t\t\t\t\t\t\t\t\t\t<figcaption class=\"widget-image-caption wp-caption-text\">Viktor, g\u00e9rant du Service Hoka<\/figcaption>\n\t\t\t\t\t\t\t\t\t\t<\/figure>\n\t\t\t\t\t\t\t\t\t<\/div>\n\t\t\t\t<\/div>\n\t\t\t\t\t<\/div>\n\t\t<\/div>\n\t\t\t\t<div class=\"elementor-column elementor-col-50 elementor-top-column elementor-element elementor-element-1fdb3f8\" data-id=\"1fdb3f8\" data-element_type=\"column\" data-e-type=\"column\">\n\t\t\t<div class=\"elementor-widget-wrap elementor-element-populated\">\n\t\t\t\t\t\t<div data-dce-title-color=\"#1C1C1D\" class=\"elementor-element elementor-element-45ec578 elementor-widget elementor-widget-heading\" data-id=\"45ec578\" data-element_type=\"widget\" data-e-type=\"widget\" data-widget_type=\"heading.default\">\n\t\t\t\t<div class=\"elementor-widget-container\">\n\t\t\t\t\t<h4 class=\"elementor-heading-title elementor-size-default\">Une \u00e9quipe passionn\u00e9e par les animaux<\/h4>\t\t\t\t<\/div>\n\t\t\t\t<\/div>\n\t\t\t\t<div class=\"elementor-element elementor-element-9b9e971 elementor-widget elementor-widget-text-editor\" data-id=\"9b9e971\" data-element_type=\"widget\" data-e-type=\"widget\" data-widget_type=\"text-editor.default\">\n\t\t\t\t<div class=\"elementor-widget-container\">\n\t\t\t\t\t\t\t\t\t<p>Nous aimons le chien qui remue la queue avec joie lorsque son ma\u00eetre rentre apr\u00e8s une longue journ\u00e9e de travail.\nNous aimons le chat qui ronronne d\u00e8s qu'il s'installe sur les genoux de quelqu'un. \nNous aimons le cheval qui court avec enthousiasme dans le pr\u00e9. \nComme nous aimons tellement les animaux, nous savons aussi dans quelle mesure l'adieu peut \u00eatre d\u00e9chirant.\nC'est pourquoi nous aimerions vous aider pendant cette premi\u00e8re \u00e9tape du processus de deuil, car nous disons au revoir ensemble.<\/p>\t\t\t\t\t\t\t\t<\/div>\n\t\t\t\t<\/div>\n\t\t\t\t\t<\/div>\n\t\t<\/div>\n\t\t\t\t\t<\/div>\n\t\t<\/section>\n\t\t\t\t<section class=\"elementor-section elementor-top-section elementor-element elementor-element-ca03754 elementor-section-boxed elementor-section-height-default elementor-section-height-default\" data-id=\"ca03754\" data-element_type=\"section\" data-e-type=\"section\" data-settings=\"{&quot;background_background&quot;:&quot;classic&quot;}\">\n\t\t\t\t\t\t<div class=\"elementor-container elementor-column-gap-default\">\n\t\t\t\t\t<div class=\"elementor-column elementor-col-50 elementor-top-column elementor-element elementor-element-5dd172c\" data-id=\"5dd172c\" data-element_type=\"column\" data-e-type=\"column\">\n\t\t\t<div class=\"elementor-widget-wrap elementor-element-populated\">\n\t\t\t\t\t\t<div data-dce-title-color=\"#1C1C1D\" class=\"elementor-element elementor-element-2c70993 elementor-widget elementor-widget-heading\" data-id=\"2c70993\" data-element_type=\"widget\" data-e-type=\"widget\" data-widget_type=\"heading.default\">\n\t\t\t\t<div class=\"elementor-widget-container\">\n\t\t\t\t\t<h4 class=\"elementor-heading-title elementor-size-default\">Notre histoire \u00e0 nous<\/h4>\t\t\t\t<\/div>\n\t\t\t\t<\/div>\n\t\t\t\t<div class=\"elementor-element elementor-element-437c706 elementor-widget elementor-widget-text-editor\" data-id=\"437c706\" data-element_type=\"widget\" data-e-type=\"widget\" data-widget_type=\"text-editor.default\">\n\t\t\t\t<div class=\"elementor-widget-container\">\n\t\t\t\t\t\t\t\t\t<p>Hokaservice a \u00e9t\u00e9 fond\u00e9 en 2009 par Maureen. Son objectif \u00e9tait de cr\u00e9er un environnement compr\u00e9hensif et serein o\u00f9 les gens pourraient se rendre apr\u00e8s la perte d'un animal cher. Avec Hokaservice, elle souhaitait offrir le soutien et le r\u00e9confort n\u00e9cessaires aux propri\u00e9taires et leur garantir que leur animal cher serait trait\u00e9 avec respect et dignit\u00e9. Elle avait en effet remarqu\u00e9 que, bien que les animaux jouent un r\u00f4le de plus en plus important dans nos vies, il existait un grand vide en mati\u00e8re d'adieux. \u00c0 l'\u00e9poque, l'enterrement dans le jardin ou la destruction \u00e9taient la norme, et la cr\u00e9mation \u00e9tait l'exception. Lors de la cr\u00e9ation de notre cr\u00e9matorium pour animaux en 2009, nous \u00e9tions donc l'un des premiers en Flandre \u00e0 proposer la cr\u00e9mation individuelle des animaux, permettant ainsi \u00e0 leurs propri\u00e9taires de conserver un souvenir tangible d'eux.<\/p>\t\t\t\t\t\t\t\t<\/div>\n\t\t\t\t<\/div>\n\t\t\t\t\t<\/div>\n\t\t<\/div>\n\t\t\t\t<div class=\"elementor-column elementor-col-50 elementor-top-column elementor-element elementor-element-47b0c60\" data-id=\"47b0c60\" data-element_type=\"column\" data-e-type=\"column\">\n\t\t\t<div class=\"elementor-widget-wrap elementor-element-populated\">\n\t\t\t\t\t\t<div class=\"elementor-element elementor-element-d465a75 elementor-widget elementor-widget-image\" data-id=\"d465a75\" data-element_type=\"widget\" data-e-type=\"widget\" data-widget_type=\"image.default\">\n\t\t\t\t<div class=\"elementor-widget-container\">\n\t\t\t\t\t\t\t\t\t\t\t\t\t\t\t<img decoding=\"async\" width=\"768\" height=\"1024\" src=\"https:\/\/hokaservice.be\/wp-content\/uploads\/2026\/01\/Foto-viktor-en-celine-en-kamiel-768x1024.jpg\" class=\"attachment-large size-large wp-image-6893\" alt=\"\" srcset=\"https:\/\/hokaservice.be\/wp-content\/uploads\/2026\/01\/Foto-viktor-en-celine-en-kamiel-768x1024.jpg 768w, https:\/\/hokaservice.be\/wp-content\/uploads\/2026\/01\/Foto-viktor-en-celine-en-kamiel-225x300.jpg 225w, https:\/\/hokaservice.be\/wp-content\/uploads\/2026\/01\/Foto-viktor-en-celine-en-kamiel-1152x1536.jpg 1152w, https:\/\/hokaservice.be\/wp-content\/uploads\/2026\/01\/Foto-viktor-en-celine-en-kamiel-9x12.jpg 9w, https:\/\/hokaservice.be\/wp-content\/uploads\/2026\/01\/Foto-viktor-en-celine-en-kamiel-600x800.jpg 600w, https:\/\/hokaservice.be\/wp-content\/uploads\/2026\/01\/Foto-viktor-en-celine-en-kamiel.jpg 1440w\" sizes=\"(max-width: 768px) 100vw, 768px\" \/>\t\t\t\t\t\t\t\t\t\t\t\t\t\t\t<\/div>\n\t\t\t\t<\/div>\n\t\t\t\t\t<\/div>\n\t\t<\/div>\n\t\t\t\t\t<\/div>\n\t\t<\/section>\n\t\t\t\t<section class=\"elementor-section elementor-top-section elementor-element elementor-element-2bd88e3 elementor-section-boxed elementor-section-height-default elementor-section-height-default\" data-id=\"2bd88e3\" data-element_type=\"section\" data-e-type=\"section\">\n\t\t\t\t\t\t<div class=\"elementor-container elementor-column-gap-default\">\n\t\t\t\t\t<div class=\"elementor-column elementor-col-50 elementor-top-column elementor-element elementor-element-40baabd\" data-id=\"40baabd\" data-element_type=\"column\" data-e-type=\"column\">\n\t\t\t<div class=\"elementor-widget-wrap elementor-element-populated\">\n\t\t\t\t\t\t<section class=\"elementor-section elementor-inner-section elementor-element elementor-element-66dcb61 elementor-section-full_width elementor-section-height-default elementor-section-height-default\" data-id=\"66dcb61\" data-element_type=\"section\" data-e-type=\"section\">\n\t\t\t\t\t\t<div class=\"elementor-container elementor-column-gap-default\">\n\t\t\t\t\t<div class=\"elementor-column elementor-col-50 elementor-inner-column elementor-element elementor-element-ac26d11\" data-id=\"ac26d11\" data-element_type=\"column\" data-e-type=\"column\">\n\t\t\t<div class=\"elementor-widget-wrap elementor-element-populated\">\n\t\t\t\t\t\t<div class=\"elementor-element elementor-element-1f0f77a elementor-widget elementor-widget-image\" data-id=\"1f0f77a\" data-element_type=\"widget\" data-e-type=\"widget\" data-widget_type=\"image.default\">\n\t\t\t\t<div class=\"elementor-widget-container\">\n\t\t\t\t\t\t\t\t\t\t\t\t\t\t\t<img decoding=\"async\" width=\"360\" height=\"424\" src=\"https:\/\/hokaservice.be\/wp-content\/uploads\/2023\/03\/hokaclaudia-014.png\" class=\"attachment-medium_large size-medium_large wp-image-1673\" alt=\"\" srcset=\"https:\/\/hokaservice.be\/wp-content\/uploads\/2023\/03\/hokaclaudia-014.png 360w, https:\/\/hokaservice.be\/wp-content\/uploads\/2023\/03\/hokaclaudia-014-255x300.png 255w, https:\/\/hokaservice.be\/wp-content\/uploads\/2023\/03\/hokaclaudia-014-10x12.png 10w\" sizes=\"(max-width: 360px) 100vw, 360px\" \/>\t\t\t\t\t\t\t\t\t\t\t\t\t\t\t<\/div>\n\t\t\t\t<\/div>\n\t\t\t\t\t<\/div>\n\t\t<\/div>\n\t\t\t\t<div class=\"elementor-column elementor-col-50 elementor-inner-column elementor-element elementor-element-d7a5b0c elementor-hidden-tablet elementor-hidden-mobile\" data-id=\"d7a5b0c\" data-element_type=\"column\" data-e-type=\"column\">\n\t\t\t<div class=\"elementor-widget-wrap elementor-element-populated\">\n\t\t\t\t\t\t<div class=\"elementor-element elementor-element-07e5ef9 elementor-widget elementor-widget-image\" data-id=\"07e5ef9\" data-element_type=\"widget\" data-e-type=\"widget\" data-widget_type=\"image.default\">\n\t\t\t\t<div class=\"elementor-widget-container\">\n\t\t\t\t\t\t\t\t\t\t\t\t\t\t\t<img loading=\"lazy\" decoding=\"async\" width=\"517\" height=\"480\" src=\"https:\/\/hokaservice.be\/wp-content\/uploads\/2025\/03\/image026-e1742564316122.png\" class=\"attachment-large size-large wp-image-6187\" alt=\"\" srcset=\"https:\/\/hokaservice.be\/wp-content\/uploads\/2025\/03\/image026-e1742564316122.png 517w, https:\/\/hokaservice.be\/wp-content\/uploads\/2025\/03\/image026-e1742564316122-300x279.png 300w, https:\/\/hokaservice.be\/wp-content\/uploads\/2025\/03\/image026-e1742564316122-13x12.png 13w\" sizes=\"(max-width: 517px) 100vw, 517px\" \/>\t\t\t\t\t\t\t\t\t\t\t\t\t\t\t<\/div>\n\t\t\t\t<\/div>\n\t\t\t\t\t<\/div>\n\t\t<\/div>\n\t\t\t\t\t<\/div>\n\t\t<\/section>\n\t\t\t\t\t<\/div>\n\t\t<\/div>\n\t\t\t\t<div class=\"elementor-column elementor-col-50 elementor-top-column elementor-element elementor-element-e2ce946\" data-id=\"e2ce946\" data-element_type=\"column\" data-e-type=\"column\">\n\t\t\t<div class=\"elementor-widget-wrap elementor-element-populated\">\n\t\t\t\t\t\t<div data-dce-title-color=\"#1C1C1D\" class=\"elementor-element elementor-element-196c61f elementor-widget elementor-widget-heading\" data-id=\"196c61f\" data-element_type=\"widget\" data-e-type=\"widget\" data-widget_type=\"heading.default\">\n\t\t\t\t<div class=\"elementor-widget-container\">\n\t\t\t\t\t<h4 class=\"elementor-heading-title elementor-size-default\">Une nouvelle g\u00e9n\u00e9ration, le m\u00eame engagement<\/h4>\t\t\t\t<\/div>\n\t\t\t\t<\/div>\n\t\t\t\t<div class=\"elementor-element elementor-element-4e589d6 elementor-widget elementor-widget-text-editor\" data-id=\"4e589d6\" data-element_type=\"widget\" data-e-type=\"widget\" data-widget_type=\"text-editor.default\">\n\t\t\t\t<div class=\"elementor-widget-container\">\n\t\t\t\t\t\t\t\t\t<p>Aujourd'hui, la majorit\u00e9 des gens choisissent de faire leurs adieux \u00e0 leur animal de compagnie de mani\u00e8re digne et individuelle. Le choix de la cr\u00e9mation individuelle est devenu la r\u00e8gle plut\u00f4t que l'exception, et ce pour tous les animaux. Avec la g\u00e9n\u00e9ration suivante, Viktor, l'entreprise familiale Hokaservice s'est d\u00e9velopp\u00e9e afin de pouvoir aujourd'hui incin\u00e9rer individuellement des animaux de compagnie plus grands, tels que des chevaux et des poneys. De la collecte \u00e0 la cr\u00e9mation,  nous nous occupons de tout dans les moindres d\u00e9tails et avec le soin n\u00e9cessaire.\u00a0\u00a0<\/p>\t\t\t\t\t\t\t\t<\/div>\n\t\t\t\t<\/div>\n\t\t\t\t\t<\/div>\n\t\t<\/div>\n\t\t\t\t\t<\/div>\n\t\t<\/section>\n\t\t<!-- dce invisible element 34cfb3f -->\t\t<\/div>","protected":false},"excerpt":{"rendered":"<p>Afscheid nemendoet u niet alleen Bij onze oprichting in 2009 waren we \u00e9\u00e9n van de eerste in Vlaanderen die individuele crematies van dieren aanbood. Wij wilden een waardig alternatief bieden voor de tot dan toe gekende mogelijkheden bij het verlies van een dier, zijnde destructie of begraven. Ons doel hierbij was een respectvolle en serene [&hellip;]<\/p>\n","protected":false},"author":3,"featured_media":218,"parent":0,"menu_order":6,"comment_status":"closed","ping_status":"closed","template":"elementor_header_footer","meta":{"_acf_changed":false,"footnotes":""},"class_list":["post-27","page","type-page","status-publish","has-post-thumbnail","hentry"],"acf":[],"_links":{"self":[{"href":"https:\/\/hokaservice.be\/fr\/wp-json\/wp\/v2\/pages\/27","targetHints":{"allow":["GET"]}}],"collection":[{"href":"https:\/\/hokaservice.be\/fr\/wp-json\/wp\/v2\/pages"}],"about":[{"href":"https:\/\/hokaservice.be\/fr\/wp-json\/wp\/v2\/types\/page"}],"author":[{"embeddable":true,"href":"https:\/\/hokaservice.be\/fr\/wp-json\/wp\/v2\/users\/3"}],"replies":[{"embeddable":true,"href":"https:\/\/hokaservice.be\/fr\/wp-json\/wp\/v2\/comments?post=27"}],"version-history":[{"count":4,"href":"https:\/\/hokaservice.be\/fr\/wp-json\/wp\/v2\/pages\/27\/revisions"}],"predecessor-version":[{"id":6899,"href":"https:\/\/hokaservice.be\/fr\/wp-json\/wp\/v2\/pages\/27\/revisions\/6899"}],"wp:featuredmedia":[{"embeddable":true,"href":"https:\/\/hokaservice.be\/fr\/wp-json\/wp\/v2\/media\/218"}],"wp:attachment":[{"href":"https:\/\/hokaservice.be\/fr\/wp-json\/wp\/v2\/media?parent=27"}],"curies":[{"name":"wp","href":"https:\/\/api.w.org\/{rel}","templated":true}]}}